{"id":353,"date":"2018-10-05T10:39:18","date_gmt":"2018-10-05T10:39:18","guid":{"rendered":"https:\/\/fornoscontenidors.com\/inicio\/"},"modified":"2019-03-27T13:03:42","modified_gmt":"2019-03-27T13:03:42","slug":"inicio","status":"publish","type":"page","link":"https:\/\/fornoscontenidors.com\/es\/","title":{"rendered":"Inicio"},"content":{"rendered":"\n\t<a href=\"mailto:info@fornoscontenidors.com\" target=\"_self\"  rel=\"noopener noreferrer\"><\/a>\n\t\t\t<h3> info@fornoscontenidors.com<\/h3>\t\t\t\n\t<a href=\"tel:977 489 760\" target=\"_self\"  rel=\"noopener noreferrer\"><\/a>\n\t\t\t<h3> (+34) 977 489 760<\/h3>\t\t\t\n\t\t\t<h3> TTV3454 Km 11,87 &#8211;  Deltebre, Tarragona<\/h3>\t\t\t\n\t\t\t\t<img src=\"https:\/\/fornoscontenidors.com\/wp-content\/uploads\/2019\/03\/Cami\u00f3_2019.png\" alt=\"Cami\u00f3_2019\" itemprop=\"image\"\/>\n\t\t\t<h3>FORN\u00d3S <strong>CONTENIDORS<\/strong><\/h3>\t\t\t\n\t\t\t\t<p>GESTOR DE RESIDUOS AUTORIZADO<\/p>\n\t\t\t\t<p>Empezamos nuestra trayectoria en 2002 para dar servicio y soluciones a las personas y empresas que desconocen c\u00f3mo realizar una correcta<strong> gesti\u00f3n de residuos<\/strong> que se genera en su actividad. En Forn\u00f3s Contenidors promovemos el correcto tratamiento y la valorizaci\u00f3n de los residuos, y asesoramos sobre las buenas pr\u00e1cticas ambientales.<\/p>\n\t<ul>\n\t\t<li>\t\t\t\t\n\t\t<p>Transportista y\u00a0<strong>gestor de residuos<\/strong> <strong>autorizado<\/strong><\/p><\/li><li>\t\t\t\t\n\t\t<p>M\u00e1s de<strong> 15 a\u00f1os de experiencia<\/strong><\/p><\/li><li>\t\t\t\t\n\t\t<p>Servicio <strong>seguro y efciente<\/strong><\/p>\n<\/li><li>\t\t\t\t\n\t\t<p><strong>Asesoramiento<\/strong> personalizado<\/p>\n<\/li><li>\t\t\t\t\n\t\t<p>Personal cualificado <strong>a tu servicio<\/strong><\/p>\n<\/li>\t<\/ul>\n\t\t<!-- Comment to fix spacing issue\n\t-->\n\t\t<h2>0<\/h2>Extensa trayectoria profesional\n\t<!-- Comment to fix spacing issue\n\t-->\t\n\t\t<!-- Comment to fix spacing issue\n\t-->\n\t\t<h2>0<\/h2>Amplia variedad <br> de flota\n\t<!-- Comment to fix spacing issue\n\t-->\t\n\t\t<!-- Comment to fix spacing issue\n\t-->\n\t\t<h2>0<\/h2>Sistemas de recogida de residuos\n\t<!-- Comment to fix spacing issue\n\t-->\t\n\t\t<!-- Comment to fix spacing issue\n\t-->\n\t\t<h2>0<\/h2>Trabajadores cualificados\n\t<!-- Comment to fix spacing issue\n\t-->\t\n\t\t\t<h3>\u00bfC\u00d3MO TE PODEMOS <strong>AYUDAR?<\/strong><\/h3>\t\t\t\n\t\t\t\t<p>NUESTROS SERVICIOS<\/p>\n\t\t\t\t<img src=\"https:\/\/fornoscontenidors.com\/wp-content\/uploads\/2018\/10\/container.svg\" alt=\"container\" itemprop=\"image\"\/>\n\t\t<h3>Servicio de contenedores<\/h3>\t\t\t\n\t\t\t\t<p>Disponemos de una amplia gama de medios de recogida, de todas las medidas y capacidades, para ajustarnos a los requerimientos necesarios.<\/p>\n\t\t\t\t<img src=\"https:\/\/fornoscontenidors.com\/wp-content\/uploads\/2018\/10\/roof.svg\" alt=\"roof\" itemprop=\"image\"\/>\n\t\t<h3>Desamiantado<\/h3>\t\t\t\n\t\t\t\t<p>Como empresa autorizada, nos ocupamos de la retirada de todo tipo de materiales y estructuras que contengan amianto.<\/p>\n\t\t\t\t<img src=\"https:\/\/fornoscontenidors.com\/wp-content\/uploads\/2018\/10\/negotiation.svg\" alt=\"negotiation\" itemprop=\"image\"\/>\n\t\t<h3>Asesoramiento<\/h3>\t\t\t\n\t\t\t\t<p>Realizamos un asesoramiento medioambiental adecuado a las necesidades del cliente para ayudar con la tramitaci\u00f3n y gesti\u00f3n de los residuos.<\/p>\n\t\t\t\t<img src=\"https:\/\/fornoscontenidors.com\/wp-content\/uploads\/2018\/10\/recycle-sign.svg\" alt=\"recycle-sign\" itemprop=\"image\"\/>\n\t\t<h3>Recogida selectiva <\/h3>\t\t\t\n\t\t\t\t<p>Utilizamos los sistemas de recogida y de transporte de residuos adecuados a las necesidades del municipio para maximizar la eficiencia del servicio.<\/p>\n\t\t\t<h3>GESTOR <strong> DE RESIDUOS<\/strong><\/h3>\t\t\t\n\t\t\t\t<p>SOLUCIONES PARA TODOS LOS SECTORES<\/p>\n\t\t\t\t<p>Ofrecemos una soluci\u00f3n \u00edntegra en la gesti\u00f3n de residuos con un gran compromiso con el respeto por el medio ambiente y la seguridad laboral. De manera segura y responsable, gestionamos la retirada, el transporte y el tratamiento de los residuos.<\/p>\n<p>Realizar un correcto asesoramiento a nuestros clientes nos permite conseguir una correcta gesti\u00f3n de sus residuos, optimizar sus recursos y, tambi\u00e9n, minimizar el coste de la gesti\u00f3n<\/p>\n\t\t\t<a href=\"https:\/\/fornoscontenidors.com\/es\/asesoramiento\/\" target=\"_self\"   role=\"button\" rel=\"noopener noreferrer\">\n\t\t\t\t\t\t\tSABER M\u00c1S\n\t\t<\/a>\n\t\t\t<h3>CONTACTA CON <strong>NOSOTROS<\/strong><\/h3>\t\t\t\n\t\t\t\t<p>TE RESPONDEREMOS LO ANTES POSIBLE<\/p>\n\t<a href=\"https:\/\/www.facebook.com\/FornosContenidorsSL\" target=\"_self\"  rel=\"noopener noreferrer\"><\/a>\n\t\t\t<h3>PUEDES SEGUIRNOS EN <strong>FACEBOOK<\/strong><\/h3>\t\t\t\n\t\t\t<h3>NUESTRO <strong>BLOG<\/strong><\/h3>\t\t\t\n\t\t\t\t<p>NOTICIAS, ACTUALIDAD, INFORMACI\u00d3N<\/p>\n\t\t\t\t\t\t\t\t\t\t\t\t\t\t<a href=\"https:\/\/fornoscontenidors.com\/es\/efectos-del-amianto-en-la-salud\/\" target=\"_self\"  title=\"Efectos del amianto en la salud\" rel=\"noopener noreferrer\">\n\t\t\t\t<img src=\"https:\/\/fornoscontenidors.com\/wp-content\/uploads\/2019\/03\/Fornos_Banner_08-300x157.jpg\" alt=\"\" \/>\n\t\t\t\t<\/a>\n\t\t\t\t\t\t<h3>\n\t\t\t\t<a href=https:\/\/fornoscontenidors.com\/es\/efectos-del-amianto-en-la-salud\/ title=\"Efectos del amianto en la salud\" tabindex=\"0\">Efectos del amianto en la salud<\/a>\t\t\t<\/h3>\n\t\t\t\t\t\t\t\tEl amianto se prohibi\u00f3 en Espa\u00f1a en 2001, pero debido a sus especiales propiedades ign\u00edfugas y ser un excelente aislante t\u00e9rmico y ac\u00fastico, ya hab\u00eda sido empleado en muy numerosos procesos industriales desde comienzos del siglo XX. Los riesgos derivados de la exposici\u00f3n al amianto son muchos, por este motivo es necesario conocer los efectos [&hellip;]\n\t\t\t\t\t\t\t\t\t<h5>\n\t\t\t\t\t\t\t21 marzo 2019\t\t\t\n\t\t\t\t\t\t\t<\/h5>\n\t\t\t\t\t\t\t\t\t\t\t\t\t\t<a href=\"https:\/\/fornoscontenidors.com\/es\/como-saber-si-la-uralita-tiene-amianto\/\" target=\"_self\"  title=\"C\u00f3mo saber si la uralita tiene amianto\" rel=\"noopener noreferrer\">\n\t\t\t\t<img src=\"https:\/\/fornoscontenidors.com\/wp-content\/uploads\/2019\/02\/Fornos_Banner_Web_07-300x157.jpg\" alt=\"\" \/>\n\t\t\t\t<\/a>\n\t\t\t\t\t\t<h3>\n\t\t\t\t<a href=https:\/\/fornoscontenidors.com\/es\/como-saber-si-la-uralita-tiene-amianto\/ title=\"C\u00f3mo saber si la uralita tiene amianto\" tabindex=\"0\">C\u00f3mo saber si la uralita tiene amianto<\/a>\t\t\t<\/h3>\n\t\t\t\t\t\t\t\tDurante varios a\u00f1os se utiliz\u00f3 el amianto, fibra natural considerada como t\u00f3xica, en grandes cantidades como materiales de construcci\u00f3n por sus propiedades aislantes, mec\u00e1nicas y de resistencia, desconociendo su peligrosidad para la salud. Por este motivo, la pregunta de muchos propietarios de viviendas o naves industriales es c\u00f3mo saber si la uralita tiene amianto. Por [&hellip;]\n\t\t\t\t\t\t\t\t\t<h5>\n\t\t\t\t\t\t\t22 febrero 2019\t\t\t\n\t\t\t\t\t\t\t<\/h5>\n\t\t\t\t\t\t\t\t\t\t\t\t\t\t<a href=\"https:\/\/fornoscontenidors.com\/es\/cataluna-acogera-el-circular-economy-hotspot-en-2020\/\" target=\"_self\"  title=\"Catalu\u00f1a acoger\u00e1 el Circular Economy Hotspot en 2020\" rel=\"noopener noreferrer\">\n\t\t\t\t<img src=\"https:\/\/fornoscontenidors.com\/wp-content\/uploads\/2018\/11\/Fornos_Banner_Web_06-300x157.jpg\" alt=\"\" \/>\n\t\t\t\t<\/a>\n\t\t\t\t\t\t<h3>\n\t\t\t\t<a href=https:\/\/fornoscontenidors.com\/es\/cataluna-acogera-el-circular-economy-hotspot-en-2020\/ title=\"Catalu\u00f1a acoger\u00e1 el Circular Economy Hotspot en 2020\" tabindex=\"0\">Catalu\u00f1a acoger\u00e1 el Circular Economy Hotspot en 2020<\/a>\t\t\t<\/h3>\n\t\t\t\t\t\t\t\tEn Forn\u00f3s Contenidors, como empresa gestora de residuos autorizada, estamos comprometidos con el medio ambiente y el futuro. Creemos en el desarrollo sostenible y trabajamos por la protecci\u00f3n del medio ambiente. Por este motivo, informamos sobre las buenas pr\u00e1cticas ambientales y el correcto tratamiento de los residuos mediante un asesoramiento medioambiental personalizado a cada uno [&hellip;]\n\t\t\t\t\t\t\t\t\t<h5>\n\t\t\t\t\t\t\t09 noviembre 2018\t\t\t\n\t\t\t\t\t\t\t<\/h5>\n\t<a href=\"mailto:info@fornoscontenidors.com\" target=\"_self\"  rel=\"noopener noreferrer\"><\/a>\n\t\t\t<h3> info@fornoscontenidors.com<\/h3>\t\t\t\n\t<a href=\"tel:977 489 760\" target=\"_self\"  rel=\"noopener noreferrer\"><\/a>\n\t\t\t<h3> (+34) 977 489 760<\/h3>\t\t\t\n\t\t\t<h3> TTV3454 Km 11,87 &#8211;  Deltebre, Tarragona<\/h3>\t\t\t\n","protected":false},"excerpt":{"rendered":"<p>info@fornoscontenidors.com (+34) 977 489 760 TTV3454 Km 11,87 &#8211; Deltebre, Tarragona FORN\u00d3S CONTENIDORS GESTOR DE RESIDUOS AUTORIZADO Empezamos nuestra trayectoria en 2002 para dar servicio y soluciones a las personas y empresas que desconocen c\u00f3mo realizar una correcta gesti\u00f3n de residuos que se genera en su actividad. En Forn\u00f3s Contenidors promovemos el correcto tratamiento y [&hellip;]<\/p>\n","protected":false},"author":1,"featured_media":510,"parent":0,"menu_order":0,"comment_status":"closed","ping_status":"closed","template":"","meta":{"inline_featured_image":false,"_exactmetrics_skip_tracking":false,"_exactmetrics_sitenote_active":false,"_exactmetrics_sitenote_note":"","_exactmetrics_sitenote_category":0},"yoast_head":"<!-- This site is optimized with the Yoast SEO plugin v17.1 - https:\/\/yoast.com\/wordpress\/plugins\/seo\/ -->\n<title>Gestor de residuos autorizado en Tarragona y Castell\u00f3n - Fornos Contenidors<\/title>\n<meta name=\"description\" content=\"Fornos Contenidors - Alquiler de contenedores, Desamiantado, Asesoramiento Medioambiental y Gestor de residuos autorizado en Tarragona y Castell\u00f3n.\" \/>\n<meta name=\"robots\" content=\"index, follow, max-snippet:-1, max-image-preview:large, max-video-preview:-1\" \/>\n<link rel=\"canonical\" href=\"https:\/\/fornoscontenidors.com\/es\/\" \/>\n<meta property=\"og:locale\" content=\"es_ES\" \/>\n<meta property=\"og:type\" content=\"article\" \/>\n<meta property=\"og:title\" content=\"Gestor de residuos autorizado en Tarragona y Castell\u00f3n - Fornos Contenidors\" \/>\n<meta property=\"og:description\" content=\"Fornos Contenidors - Alquiler de contenedores, Desamiantado, Asesoramiento Medioambiental y Gestor de residuos autorizado en Tarragona y Castell\u00f3n.\" \/>\n<meta property=\"og:url\" content=\"https:\/\/fornoscontenidors.com\/es\/\" \/>\n<meta property=\"og:site_name\" content=\"Fornos Contenidors\" \/>\n<meta property=\"article:publisher\" content=\"https:\/\/www.facebook.com\/FornosContenidorsSL\" \/>\n<meta property=\"article:modified_time\" content=\"2019-03-27T13:03:42+00:00\" \/>\n<meta property=\"og:image\" content=\"https:\/\/fornoscontenidors.com\/wp-content\/uploads\/2018\/11\/Forno\u0301s_Favicon.jpg\" \/>\n\t<meta property=\"og:image:width\" content=\"512\" \/>\n\t<meta property=\"og:image:height\" content=\"512\" \/>\n<meta name=\"twitter:card\" content=\"summary_large_image\" \/>\n<meta name=\"twitter:label1\" content=\"Tiempo de lectura\" \/>\n\t<meta name=\"twitter:data1\" content=\"3 minutos\" \/>\n<script type=\"application\/ld+json\" class=\"yoast-schema-graph\">{\"@context\":\"https:\/\/schema.org\",\"@graph\":[{\"@type\":\"Organization\",\"@id\":\"https:\/\/fornoscontenidors.com\/es\/#organization\",\"name\":\"Fornos Contenidors\",\"url\":\"https:\/\/fornoscontenidors.com\/es\/\",\"sameAs\":[\"https:\/\/www.facebook.com\/FornosContenidorsSL\"],\"logo\":{\"@type\":\"ImageObject\",\"@id\":\"https:\/\/fornoscontenidors.com\/es\/#logo\",\"inLanguage\":\"es\",\"url\":\"https:\/\/fornoscontenidors.com\/wp-content\/uploads\/2018\/11\/Fornos_Logo_2T_2018.svg\",\"contentUrl\":\"https:\/\/fornoscontenidors.com\/wp-content\/uploads\/2018\/11\/Fornos_Logo_2T_2018.svg\",\"caption\":\"Fornos Contenidors\"},\"image\":{\"@id\":\"https:\/\/fornoscontenidors.com\/es\/#logo\"}},{\"@type\":\"WebSite\",\"@id\":\"https:\/\/fornoscontenidors.com\/es\/#website\",\"url\":\"https:\/\/fornoscontenidors.com\/es\/\",\"name\":\"Fornos Contenidors\",\"description\":\"Lloguer de contenidors al Baix Ebre\",\"publisher\":{\"@id\":\"https:\/\/fornoscontenidors.com\/es\/#organization\"},\"potentialAction\":[{\"@type\":\"SearchAction\",\"target\":{\"@type\":\"EntryPoint\",\"urlTemplate\":\"https:\/\/fornoscontenidors.com\/es\/?s={search_term_string}\"},\"query-input\":\"required name=search_term_string\"}],\"inLanguage\":\"es\"},{\"@type\":\"ImageObject\",\"@id\":\"https:\/\/fornoscontenidors.com\/es\/#primaryimage\",\"inLanguage\":\"es\",\"url\":\"https:\/\/fornoscontenidors.com\/wp-content\/uploads\/2018\/11\/Forno\\u0301s_Favicon.jpg\",\"contentUrl\":\"https:\/\/fornoscontenidors.com\/wp-content\/uploads\/2018\/11\/Forno\\u0301s_Favicon.jpg\",\"width\":512,\"height\":512},{\"@type\":\"WebPage\",\"@id\":\"https:\/\/fornoscontenidors.com\/es\/#webpage\",\"url\":\"https:\/\/fornoscontenidors.com\/es\/\",\"name\":\"Gestor de residuos autorizado en Tarragona y Castell\\u00f3n - Fornos Contenidors\",\"isPartOf\":{\"@id\":\"https:\/\/fornoscontenidors.com\/es\/#website\"},\"primaryImageOfPage\":{\"@id\":\"https:\/\/fornoscontenidors.com\/es\/#primaryimage\"},\"datePublished\":\"2018-10-05T10:39:18+00:00\",\"dateModified\":\"2019-03-27T13:03:42+00:00\",\"description\":\"Fornos Contenidors - Alquiler de contenedores, Desamiantado, Asesoramiento Medioambiental y Gestor de residuos autorizado en Tarragona y Castell\\u00f3n.\",\"breadcrumb\":{\"@id\":\"https:\/\/fornoscontenidors.com\/es\/#breadcrumb\"},\"inLanguage\":\"es\",\"potentialAction\":[{\"@type\":\"ReadAction\",\"target\":[\"https:\/\/fornoscontenidors.com\/es\/\"]}]},{\"@type\":\"BreadcrumbList\",\"@id\":\"https:\/\/fornoscontenidors.com\/es\/#breadcrumb\",\"itemListElement\":[{\"@type\":\"ListItem\",\"position\":1,\"name\":\"Portada\",\"item\":\"https:\/\/fornoscontenidors.com\/es\/\"},{\"@type\":\"ListItem\",\"position\":2,\"name\":\"Inicio\"}]}]}<\/script>\n<!-- \/ Yoast SEO plugin. -->","yoast_head_json":{"title":"Gestor de residuos autorizado en Tarragona y Castell\u00f3n - Fornos Contenidors","description":"Fornos Contenidors - Alquiler de contenedores, Desamiantado, Asesoramiento Medioambiental y Gestor de residuos autorizado en Tarragona y Castell\u00f3n.","robots":{"index":"index","follow":"follow","max-snippet":"max-snippet:-1","max-image-preview":"max-image-preview:large","max-video-preview":"max-video-preview:-1"},"canonical":"https:\/\/fornoscontenidors.com\/es\/","og_locale":"es_ES","og_type":"article","og_title":"Gestor de residuos autorizado en Tarragona y Castell\u00f3n - Fornos Contenidors","og_description":"Fornos Contenidors - Alquiler de contenedores, Desamiantado, Asesoramiento Medioambiental y Gestor de residuos autorizado en Tarragona y Castell\u00f3n.","og_url":"https:\/\/fornoscontenidors.com\/es\/","og_site_name":"Fornos Contenidors","article_publisher":"https:\/\/www.facebook.com\/FornosContenidorsSL","article_modified_time":"2019-03-27T13:03:42+00:00","og_image":[{"width":512,"height":512,"url":"https:\/\/fornoscontenidors.com\/wp-content\/uploads\/2018\/11\/Forno\u0301s_Favicon.jpg","path":"\/home\/customer\/www\/fornoscontenidors.com\/public_html\/wp-content\/uploads\/2018\/11\/Forno\u0301s_Favicon.jpg","size":"full","id":510,"alt":"","pixels":262144,"type":"image\/jpeg"}],"twitter_card":"summary_large_image","twitter_misc":{"Tiempo de lectura":"3 minutos"},"schema":{"@context":"https:\/\/schema.org","@graph":[{"@type":"Organization","@id":"https:\/\/fornoscontenidors.com\/es\/#organization","name":"Fornos Contenidors","url":"https:\/\/fornoscontenidors.com\/es\/","sameAs":["https:\/\/www.facebook.com\/FornosContenidorsSL"],"logo":{"@type":"ImageObject","@id":"https:\/\/fornoscontenidors.com\/es\/#logo","inLanguage":"es","url":"https:\/\/fornoscontenidors.com\/wp-content\/uploads\/2018\/11\/Fornos_Logo_2T_2018.svg","contentUrl":"https:\/\/fornoscontenidors.com\/wp-content\/uploads\/2018\/11\/Fornos_Logo_2T_2018.svg","caption":"Fornos Contenidors"},"image":{"@id":"https:\/\/fornoscontenidors.com\/es\/#logo"}},{"@type":"WebSite","@id":"https:\/\/fornoscontenidors.com\/es\/#website","url":"https:\/\/fornoscontenidors.com\/es\/","name":"Fornos Contenidors","description":"Lloguer de contenidors al Baix Ebre","publisher":{"@id":"https:\/\/fornoscontenidors.com\/es\/#organization"},"potentialAction":[{"@type":"SearchAction","target":{"@type":"EntryPoint","urlTemplate":"https:\/\/fornoscontenidors.com\/es\/?s={search_term_string}"},"query-input":"required name=search_term_string"}],"inLanguage":"es"},{"@type":"ImageObject","@id":"https:\/\/fornoscontenidors.com\/es\/#primaryimage","inLanguage":"es","url":"https:\/\/fornoscontenidors.com\/wp-content\/uploads\/2018\/11\/Forno\u0301s_Favicon.jpg","contentUrl":"https:\/\/fornoscontenidors.com\/wp-content\/uploads\/2018\/11\/Forno\u0301s_Favicon.jpg","width":512,"height":512},{"@type":"WebPage","@id":"https:\/\/fornoscontenidors.com\/es\/#webpage","url":"https:\/\/fornoscontenidors.com\/es\/","name":"Gestor de residuos autorizado en Tarragona y Castell\u00f3n - Fornos Contenidors","isPartOf":{"@id":"https:\/\/fornoscontenidors.com\/es\/#website"},"primaryImageOfPage":{"@id":"https:\/\/fornoscontenidors.com\/es\/#primaryimage"},"datePublished":"2018-10-05T10:39:18+00:00","dateModified":"2019-03-27T13:03:42+00:00","description":"Fornos Contenidors - Alquiler de contenedores, Desamiantado, Asesoramiento Medioambiental y Gestor de residuos autorizado en Tarragona y Castell\u00f3n.","breadcrumb":{"@id":"https:\/\/fornoscontenidors.com\/es\/#breadcrumb"},"inLanguage":"es","potentialAction":[{"@type":"ReadAction","target":["https:\/\/fornoscontenidors.com\/es\/"]}]},{"@type":"BreadcrumbList","@id":"https:\/\/fornoscontenidors.com\/es\/#breadcrumb","itemListElement":[{"@type":"ListItem","position":1,"name":"Portada","item":"https:\/\/fornoscontenidors.com\/es\/"},{"@type":"ListItem","position":2,"name":"Inicio"}]}]}},"_links":{"self":[{"href":"https:\/\/fornoscontenidors.com\/es\/wp-json\/wp\/v2\/pages\/353"}],"collection":[{"href":"https:\/\/fornoscontenidors.com\/es\/wp-json\/wp\/v2\/pages"}],"about":[{"href":"https:\/\/fornoscontenidors.com\/es\/wp-json\/wp\/v2\/types\/page"}],"author":[{"embeddable":true,"href":"https:\/\/fornoscontenidors.com\/es\/wp-json\/wp\/v2\/users\/1"}],"replies":[{"embeddable":true,"href":"https:\/\/fornoscontenidors.com\/es\/wp-json\/wp\/v2\/comments?post=353"}],"version-history":[{"count":17,"href":"https:\/\/fornoscontenidors.com\/es\/wp-json\/wp\/v2\/pages\/353\/revisions"}],"predecessor-version":[{"id":831,"href":"https:\/\/fornoscontenidors.com\/es\/wp-json\/wp\/v2\/pages\/353\/revisions\/831"}],"wp:featuredmedia":[{"embeddable":true,"href":"https:\/\/fornoscontenidors.com\/es\/wp-json\/wp\/v2\/media\/510"}],"wp:attachment":[{"href":"https:\/\/fornoscontenidors.com\/es\/wp-json\/wp\/v2\/media?parent=353"}],"curies":[{"name":"wp","href":"https:\/\/api.w.org\/{rel}","templated":true}]}}