{"id":395,"date":"2018-10-15T08:10:02","date_gmt":"2018-10-15T08:10:02","guid":{"rendered":"https:\/\/fornoscontenidors.com\/desamiantatge-delta-del-ebre\/"},"modified":"2019-01-07T09:31:00","modified_gmt":"2019-01-07T09:31:00","slug":"desamiantado","status":"publish","type":"page","link":"https:\/\/fornoscontenidors.com\/es\/desamiantado\/","title":{"rendered":"Desamiantado"},"content":{"rendered":"\n\t\t\t<h1>SERVICIO DE DESAMIANTADO<\/h1>\t\t\t\n\t\t\t\t<p><\/p>\n\t\t\t\t<img src=\"https:\/\/fornoscontenidors.com\/wp-content\/uploads\/2018\/10\/Fornos_Link_3.jpg\" alt=\"Fornos_Link_3\" itemprop=\"image\"\/>\n\t\t\t<h3>RETIRADA DE <strong>AMIANTO<\/strong><\/h3>\n\t\t\t\t<p>Siguiendo con nuestra l\u00ednea de continua renovaci\u00f3n y af\u00e1n de servicio, Forn\u00f3s Contenidors ha sido una de las primeras empresas de la Provincia de Tarragona al conseguir los permisos necesarios para realizar el servicio de <strong>desamiantado<\/strong>. Esta acreditaci\u00f3n conseguida ha sido fruto de nuestra inquietud para ofrecer una soluci\u00f3n \u00edntegra al problema de los residuos generados en cualquier actividad.<\/p>\n<p>El <strong>amianto<\/strong>, conocido com\u00fanmente como uralita, es un material clasificado como t\u00f3xico que est\u00e1 presente en muchas construcciones en forma de fibrocemento. Por lo tanto, es muy importante que su manipulaci\u00f3n la realice personal cualificado con las medidas de seguridad pertinentes.<\/p>\n<p>Estamos inscritos en el Registro de Empresas con Riesgo de Amianto (RERA) y, por lo tanto, estamos autorizados para la <strong>gesti\u00f3n de residuos de amianto<\/strong>. Para llevar a cabo el <strong>servicio de desamiantado<\/strong>, realizamos un asesoramiento personalizado a nuestro cliente y nos encargamos, de manera segura y responsable, de todo el proceso de desmontaje de amianto y del tratamiento de este mineral.<\/p>\n\t\t\t<h3>OFRECEMOS NUESTROS  <strong>SERVICIOS EN<\/strong><\/h3>\n\t<ul>\n\t\t<li>\t\t\t\t\n\t\t<h3><a href=\"https:\/\/fornoscontenidors.com\/es\/desamiantado\/baix-ebre\/\" target=\"_self\" >Baix Ebre<\/a><\/h3 ><\/li>\t<\/ul>\n\t<ul>\n\t\t<li>\t\t\t\t\n\t\t<h3><a href=\"https:\/\/fornoscontenidors.com\/es\/desamiantado\/montsia\/\" target=\"_self\" >Montsi\u00e0<\/a><\/h3 ><\/li>\t<\/ul>\n\t<ul>\n\t\t<li>\t\t\t\t\n\t\t<h3><a href=\"https:\/\/fornoscontenidors.com\/es\/desamiantado\/ribera-ebre\/\" target=\"_self\" >Ribera d\u2019Ebre<\/a><\/h3 ><\/li>\t<\/ul>\n\t<ul>\n\t\t<li>\t\t\t\t\n\t\t<h3><a href=\"https:\/\/fornoscontenidors.com\/es\/desamiantado\/terra-alta\/\" target=\"_self\" >Terra Alta<\/a><\/h3 ><\/li>\t<\/ul>\n\t<a href=\"mailto:info@fornoscontenidors.com\" target=\"_self\" ><\/a>\n\t\t\t<h3> info@fornoscontenidors.com<\/h3>\t\t\t\n\t<a href=\"tel:977 489 760\" target=\"_self\" ><\/a>\n\t\t\t<h3> (+34) 977 489 760<\/h3>\t\t\t\n\t\t\t<h3> TTV3454 Km 11,87 &#8211;  Deltebre, Tarragona<\/h3>\t\t\t\n","protected":false},"excerpt":{"rendered":"<p>SERVICIO DE DESAMIANTADO RETIRADA DE AMIANTO Siguiendo con nuestra l\u00ednea de continua renovaci\u00f3n y af\u00e1n de servicio, Forn\u00f3s Contenidors ha sido una de las primeras empresas de la Provincia de Tarragona al conseguir los permisos necesarios para realizar el servicio de desamiantado. Esta acreditaci\u00f3n conseguida ha sido fruto de nuestra inquietud para ofrecer una soluci\u00f3n [&hellip;]<\/p>\n","protected":false},"author":1,"featured_media":0,"parent":0,"menu_order":0,"comment_status":"closed","ping_status":"closed","template":"","meta":{"inline_featured_image":false,"_exactmetrics_skip_tracking":false,"_exactmetrics_sitenote_active":false,"_exactmetrics_sitenote_note":"","_exactmetrics_sitenote_category":0},"yoast_head":"<!-- This site is optimized with the Yoast SEO plugin v17.1 - https:\/\/yoast.com\/wordpress\/plugins\/seo\/ -->\n<title>Servicio de desamiantado en Tarragona y Castell\u00f3n - Fornos Contenidors<\/title>\n<meta name=\"description\" content=\"Como empresa autorizada, en Forn\u00f3s Contenidors ofrecemos el servicio de desamiantado de manera segura y responsable.\" \/>\n<meta name=\"robots\" content=\"index, follow, max-snippet:-1, max-image-preview:large, max-video-preview:-1\" \/>\n<link rel=\"canonical\" href=\"https:\/\/fornoscontenidors.com\/es\/desamiantado\/\" \/>\n<meta property=\"og:locale\" content=\"es_ES\" \/>\n<meta property=\"og:type\" content=\"article\" \/>\n<meta property=\"og:title\" content=\"Servicio de desamiantado en Tarragona y Castell\u00f3n - Fornos Contenidors\" \/>\n<meta property=\"og:description\" content=\"Como empresa autorizada, en Forn\u00f3s Contenidors ofrecemos el servicio de desamiantado de manera segura y responsable.\" \/>\n<meta property=\"og:url\" content=\"https:\/\/fornoscontenidors.com\/es\/desamiantado\/\" \/>\n<meta property=\"og:site_name\" content=\"Fornos Contenidors\" \/>\n<meta property=\"article:publisher\" content=\"https:\/\/www.facebook.com\/FornosContenidorsSL\" \/>\n<meta property=\"article:modified_time\" content=\"2019-01-07T09:31:00+00:00\" \/>\n<meta property=\"og:image\" content=\"https:\/\/fornoscontenidors.com\/wp-content\/uploads\/2018\/10\/Fornos_Link_3.jpg\" \/>\n<meta name=\"twitter:card\" content=\"summary_large_image\" \/>\n<meta name=\"twitter:label1\" content=\"Tiempo de lectura\" \/>\n\t<meta name=\"twitter:data1\" content=\"1 minuto\" \/>\n<script type=\"application\/ld+json\" class=\"yoast-schema-graph\">{\"@context\":\"https:\/\/schema.org\",\"@graph\":[{\"@type\":\"Organization\",\"@id\":\"https:\/\/fornoscontenidors.com\/es\/#organization\",\"name\":\"Fornos Contenidors\",\"url\":\"https:\/\/fornoscontenidors.com\/es\/\",\"sameAs\":[\"https:\/\/www.facebook.com\/FornosContenidorsSL\"],\"logo\":{\"@type\":\"ImageObject\",\"@id\":\"https:\/\/fornoscontenidors.com\/es\/#logo\",\"inLanguage\":\"es\",\"url\":\"https:\/\/fornoscontenidors.com\/wp-content\/uploads\/2018\/11\/Fornos_Logo_2T_2018.svg\",\"contentUrl\":\"https:\/\/fornoscontenidors.com\/wp-content\/uploads\/2018\/11\/Fornos_Logo_2T_2018.svg\",\"caption\":\"Fornos Contenidors\"},\"image\":{\"@id\":\"https:\/\/fornoscontenidors.com\/es\/#logo\"}},{\"@type\":\"WebSite\",\"@id\":\"https:\/\/fornoscontenidors.com\/es\/#website\",\"url\":\"https:\/\/fornoscontenidors.com\/es\/\",\"name\":\"Fornos Contenidors\",\"description\":\"Lloguer de contenidors al Baix Ebre\",\"publisher\":{\"@id\":\"https:\/\/fornoscontenidors.com\/es\/#organization\"},\"potentialAction\":[{\"@type\":\"SearchAction\",\"target\":{\"@type\":\"EntryPoint\",\"urlTemplate\":\"https:\/\/fornoscontenidors.com\/es\/?s={search_term_string}\"},\"query-input\":\"required name=search_term_string\"}],\"inLanguage\":\"es\"},{\"@type\":\"ImageObject\",\"@id\":\"https:\/\/fornoscontenidors.com\/es\/desamiantado\/#primaryimage\",\"inLanguage\":\"es\",\"url\":\"https:\/\/fornoscontenidors.com\/wp-content\/uploads\/2018\/10\/Fornos_Link_3.jpg\",\"contentUrl\":\"https:\/\/fornoscontenidors.com\/wp-content\/uploads\/2018\/10\/Fornos_Link_3.jpg\",\"width\":900,\"height\":600},{\"@type\":\"WebPage\",\"@id\":\"https:\/\/fornoscontenidors.com\/es\/desamiantado\/#webpage\",\"url\":\"https:\/\/fornoscontenidors.com\/es\/desamiantado\/\",\"name\":\"Servicio de desamiantado en Tarragona y Castell\\u00f3n - Fornos Contenidors\",\"isPartOf\":{\"@id\":\"https:\/\/fornoscontenidors.com\/es\/#website\"},\"primaryImageOfPage\":{\"@id\":\"https:\/\/fornoscontenidors.com\/es\/desamiantado\/#primaryimage\"},\"datePublished\":\"2018-10-15T08:10:02+00:00\",\"dateModified\":\"2019-01-07T09:31:00+00:00\",\"description\":\"Como empresa autorizada, en Forn\\u00f3s Contenidors ofrecemos el servicio de desamiantado de manera segura y responsable.\",\"breadcrumb\":{\"@id\":\"https:\/\/fornoscontenidors.com\/es\/desamiantado\/#breadcrumb\"},\"inLanguage\":\"es\",\"potentialAction\":[{\"@type\":\"ReadAction\",\"target\":[\"https:\/\/fornoscontenidors.com\/es\/desamiantado\/\"]}]},{\"@type\":\"BreadcrumbList\",\"@id\":\"https:\/\/fornoscontenidors.com\/es\/desamiantado\/#breadcrumb\",\"itemListElement\":[{\"@type\":\"ListItem\",\"position\":1,\"name\":\"Portada\",\"item\":\"https:\/\/fornoscontenidors.com\/es\/\"},{\"@type\":\"ListItem\",\"position\":2,\"name\":\"Desamiantado\"}]}]}<\/script>\n<!-- \/ Yoast SEO plugin. -->","yoast_head_json":{"title":"Servicio de desamiantado en Tarragona y Castell\u00f3n - Fornos Contenidors","description":"Como empresa autorizada, en Forn\u00f3s Contenidors ofrecemos el servicio de desamiantado de manera segura y responsable.","robots":{"index":"index","follow":"follow","max-snippet":"max-snippet:-1","max-image-preview":"max-image-preview:large","max-video-preview":"max-video-preview:-1"},"canonical":"https:\/\/fornoscontenidors.com\/es\/desamiantado\/","og_locale":"es_ES","og_type":"article","og_title":"Servicio de desamiantado en Tarragona y Castell\u00f3n - Fornos Contenidors","og_description":"Como empresa autorizada, en Forn\u00f3s Contenidors ofrecemos el servicio de desamiantado de manera segura y responsable.","og_url":"https:\/\/fornoscontenidors.com\/es\/desamiantado\/","og_site_name":"Fornos Contenidors","article_publisher":"https:\/\/www.facebook.com\/FornosContenidorsSL","article_modified_time":"2019-01-07T09:31:00+00:00","og_image":[{"url":"https:\/\/fornoscontenidors.com\/wp-content\/uploads\/2018\/10\/Fornos_Link_3.jpg"}],"twitter_card":"summary_large_image","twitter_misc":{"Tiempo de lectura":"1 minuto"},"schema":{"@context":"https:\/\/schema.org","@graph":[{"@type":"Organization","@id":"https:\/\/fornoscontenidors.com\/es\/#organization","name":"Fornos Contenidors","url":"https:\/\/fornoscontenidors.com\/es\/","sameAs":["https:\/\/www.facebook.com\/FornosContenidorsSL"],"logo":{"@type":"ImageObject","@id":"https:\/\/fornoscontenidors.com\/es\/#logo","inLanguage":"es","url":"https:\/\/fornoscontenidors.com\/wp-content\/uploads\/2018\/11\/Fornos_Logo_2T_2018.svg","contentUrl":"https:\/\/fornoscontenidors.com\/wp-content\/uploads\/2018\/11\/Fornos_Logo_2T_2018.svg","caption":"Fornos Contenidors"},"image":{"@id":"https:\/\/fornoscontenidors.com\/es\/#logo"}},{"@type":"WebSite","@id":"https:\/\/fornoscontenidors.com\/es\/#website","url":"https:\/\/fornoscontenidors.com\/es\/","name":"Fornos Contenidors","description":"Lloguer de contenidors al Baix Ebre","publisher":{"@id":"https:\/\/fornoscontenidors.com\/es\/#organization"},"potentialAction":[{"@type":"SearchAction","target":{"@type":"EntryPoint","urlTemplate":"https:\/\/fornoscontenidors.com\/es\/?s={search_term_string}"},"query-input":"required name=search_term_string"}],"inLanguage":"es"},{"@type":"ImageObject","@id":"https:\/\/fornoscontenidors.com\/es\/desamiantado\/#primaryimage","inLanguage":"es","url":"https:\/\/fornoscontenidors.com\/wp-content\/uploads\/2018\/10\/Fornos_Link_3.jpg","contentUrl":"https:\/\/fornoscontenidors.com\/wp-content\/uploads\/2018\/10\/Fornos_Link_3.jpg","width":900,"height":600},{"@type":"WebPage","@id":"https:\/\/fornoscontenidors.com\/es\/desamiantado\/#webpage","url":"https:\/\/fornoscontenidors.com\/es\/desamiantado\/","name":"Servicio de desamiantado en Tarragona y Castell\u00f3n - Fornos Contenidors","isPartOf":{"@id":"https:\/\/fornoscontenidors.com\/es\/#website"},"primaryImageOfPage":{"@id":"https:\/\/fornoscontenidors.com\/es\/desamiantado\/#primaryimage"},"datePublished":"2018-10-15T08:10:02+00:00","dateModified":"2019-01-07T09:31:00+00:00","description":"Como empresa autorizada, en Forn\u00f3s Contenidors ofrecemos el servicio de desamiantado de manera segura y responsable.","breadcrumb":{"@id":"https:\/\/fornoscontenidors.com\/es\/desamiantado\/#breadcrumb"},"inLanguage":"es","potentialAction":[{"@type":"ReadAction","target":["https:\/\/fornoscontenidors.com\/es\/desamiantado\/"]}]},{"@type":"BreadcrumbList","@id":"https:\/\/fornoscontenidors.com\/es\/desamiantado\/#breadcrumb","itemListElement":[{"@type":"ListItem","position":1,"name":"Portada","item":"https:\/\/fornoscontenidors.com\/es\/"},{"@type":"ListItem","position":2,"name":"Desamiantado"}]}]}},"_links":{"self":[{"href":"https:\/\/fornoscontenidors.com\/es\/wp-json\/wp\/v2\/pages\/395"}],"collection":[{"href":"https:\/\/fornoscontenidors.com\/es\/wp-json\/wp\/v2\/pages"}],"about":[{"href":"https:\/\/fornoscontenidors.com\/es\/wp-json\/wp\/v2\/types\/page"}],"author":[{"embeddable":true,"href":"https:\/\/fornoscontenidors.com\/es\/wp-json\/wp\/v2\/users\/1"}],"replies":[{"embeddable":true,"href":"https:\/\/fornoscontenidors.com\/es\/wp-json\/wp\/v2\/comments?post=395"}],"version-history":[{"count":7,"href":"https:\/\/fornoscontenidors.com\/es\/wp-json\/wp\/v2\/pages\/395\/revisions"}],"predecessor-version":[{"id":623,"href":"https:\/\/fornoscontenidors.com\/es\/wp-json\/wp\/v2\/pages\/395\/revisions\/623"}],"wp:attachment":[{"href":"https:\/\/fornoscontenidors.com\/es\/wp-json\/wp\/v2\/media?parent=395"}],"curies":[{"name":"wp","href":"https:\/\/api.w.org\/{rel}","templated":true}]}}