{"id":410,"date":"2018-10-11T11:09:44","date_gmt":"2018-10-11T11:09:44","guid":{"rendered":"https:\/\/fornoscontenidors.com\/blog\/"},"modified":"2018-11-19T07:18:08","modified_gmt":"2018-11-19T07:18:08","slug":"blog","status":"publish","type":"page","link":"https:\/\/fornoscontenidors.com\/es\/blog\/","title":{"rendered":"Blog"},"content":{"rendered":"<h1>BLOG<\/h1>\n<p>\t\t\t\t\t\t\t\t\t\t\t\t\t\t<a href=\"https:\/\/fornoscontenidors.com\/es\/cataluna-acogera-el-circular-economy-hotspot-en-2020\/\" target=\"_self\"  title=\"Catalu\u00f1a acoger\u00e1 el Circular Economy Hotspot en 2020\"><br \/>\n\t\t\t\t<img src=\"https:\/\/fornoscontenidors.com\/wp-content\/uploads\/2018\/11\/Fornos_Banner_Web_06-1024x536.jpg\" alt=\"\" \/><br \/>\n\t\t\t\t<\/a><\/p>\n<h3>\n\t\t\t\t<a href=https:\/\/fornoscontenidors.com\/es\/cataluna-acogera-el-circular-economy-hotspot-en-2020\/ title=\"Catalu\u00f1a acoger\u00e1 el Circular Economy Hotspot en 2020\" tabindex=\"0\">Catalu\u00f1a acoger\u00e1 el Circular Economy Hotspot en 2020<\/a>\t\t\t<\/h3>\n<p>\t\t\t\t\t\t\t\tEn Forn\u00f3s Contenidors, como empresa gestora de residuos autorizada, estamos comprometidos con el medio ambiente y el futuro. Creemos en el desarrollo sostenible y trabajamos por la protecci\u00f3n del medio ambiente. Por este motivo, informamos sobre las buenas pr\u00e1cticas ambientales y el correcto tratamiento de los residuos mediante un asesoramiento medioambiental personalizado a cada uno [&hellip;]<\/p>\n<h5>\n\t\t\t\t\t\t\t09 noviembre 2018<br \/>\n\t\t\t\t\t\t\t<\/h5>\n<p>\t\t\t\t\t\t\t\t\t\t\t\t\t\t<a href=\"https:\/\/fornoscontenidors.com\/es\/servicio-de-recogida-selectiva-de-residuos-en-deltebre\/\" target=\"_self\"  title=\"Servicio de recogida selectiva de residuos en Deltebre\"><br \/>\n\t\t\t\t<img src=\"https:\/\/fornoscontenidors.com\/wp-content\/uploads\/2018\/10\/fornos.jpg\" alt=\"\" \/><br \/>\n\t\t\t\t<\/a><\/p>\n<h3>\n\t\t\t\t<a href=https:\/\/fornoscontenidors.com\/es\/servicio-de-recogida-selectiva-de-residuos-en-deltebre\/ title=\"Servicio de recogida selectiva de residuos en Deltebre\" tabindex=\"0\">Servicio de recogida selectiva de residuos en Deltebre<\/a>\t\t\t<\/h3>\n<p>\t\t\t\t\t\t\t\tA partir de este mes de octubre, el Ayuntamiento de Deltebre podr\u00e1 gestionar de manera directa el servicio &#8230;<\/p>\n<h5>\n\t\t\t\t\t\t\t31 octubre 2018<br \/>\n\t\t\t\t\t\t\t<\/h5>\n<p>\t\t\t\t\t\t\t\t\t\t\t\t\t\t<a href=\"https:\/\/fornoscontenidors.com\/es\/por-que-es-importante-la-retirada-de-amianto\/\" target=\"_self\"  title=\"\u00bfPor qu\u00e9 es importante la retirada de amianto?\"><br \/>\n\t\t\t\t<img src=\"https:\/\/fornoscontenidors.com\/wp-content\/uploads\/2018\/10\/Fornos_Link_3.jpg\" alt=\"\" \/><br \/>\n\t\t\t\t<\/a><\/p>\n<h3>\n\t\t\t\t<a href=https:\/\/fornoscontenidors.com\/es\/por-que-es-importante-la-retirada-de-amianto\/ title=\"\u00bfPor qu\u00e9 es importante la retirada de amianto?\" tabindex=\"0\">\u00bfPor qu\u00e9 es importante la retirada de amianto?<\/a>\t\t\t<\/h3>\n<p>\t\t\t\t\t\t\t\tEl amianto o asbesto es uno de los componentes de fibrocemento. Este material de construcci\u00f3n, conocido com\u00fanmente como &#8230;<\/p>\n<h5>\n\t\t\t\t\t\t\t03 octubre 2018<br \/>\n\t\t\t\t\t\t\t<\/h5>\n<p>\t<a href=\"https:\/\/www.facebook.com\/FornosContenidorsSL\" target=\"_blank\" rel=\"noopener nofollow\"><\/a><\/p>\n<h3>PUEDES SEGUIRNOS EN <strong>FACEBOOK<\/strong><\/h3>\n<p>\t<a href=\"mailto:info@fornoscontenidors.com\" target=\"_self\" ><\/a><\/p>\n<h3> info@fornoscontenidors.com<\/h3>\n<p>\t<a href=\"tel:977 489 760\" target=\"_self\" ><\/a><\/p>\n<h3> (+34) 977 489 760<\/h3>\n<h3> TTV3454 Km 11,87 &#8211;  Deltebre, Tarragona<\/h3>\n","protected":false},"excerpt":{"rendered":"<p>BLOG Catalu\u00f1a acoger\u00e1 el Circular Economy Hotspot en 2020 En Forn\u00f3s Contenidors, como empresa gestora de residuos autorizada, estamos comprometidos con el medio ambiente y el futuro. Creemos en el desarrollo sostenible y trabajamos por la protecci\u00f3n del medio ambiente. Por este motivo, informamos sobre las buenas pr\u00e1cticas ambientales y el correcto tratamiento de los [&hellip;]<\/p>\n","protected":false},"author":1,"featured_media":0,"parent":0,"menu_order":0,"comment_status":"closed","ping_status":"closed","template":"","meta":{"inline_featured_image":false,"_exactmetrics_skip_tracking":false,"_exactmetrics_sitenote_active":false,"_exactmetrics_sitenote_note":"","_exactmetrics_sitenote_category":0},"yoast_head":"<!-- This site is optimized with the Yoast SEO plugin v17.1 - https:\/\/yoast.com\/wordpress\/plugins\/seo\/ -->\n<title>Blog - Fornos Contenidors<\/title>\n<meta name=\"description\" content=\"Descubre en nuestro blog las \u00faltimas noticias, novedades y toda la informaci\u00f3n relacionada con el mundo de la gesti\u00f3n de los residuos.\" \/>\n<meta name=\"robots\" content=\"index, follow, max-snippet:-1, max-image-preview:large, max-video-preview:-1\" \/>\n<link rel=\"canonical\" href=\"https:\/\/fornoscontenidors.com\/es\/blog\/\" \/>\n<meta property=\"og:locale\" content=\"es_ES\" \/>\n<meta property=\"og:type\" content=\"article\" \/>\n<meta property=\"og:title\" content=\"Blog - Fornos Contenidors\" \/>\n<meta property=\"og:description\" content=\"Descubre en nuestro blog las \u00faltimas noticias, novedades y toda la informaci\u00f3n relacionada con el mundo de la gesti\u00f3n de los residuos.\" \/>\n<meta property=\"og:url\" content=\"https:\/\/fornoscontenidors.com\/es\/blog\/\" \/>\n<meta property=\"og:site_name\" content=\"Fornos Contenidors\" \/>\n<meta property=\"article:publisher\" content=\"https:\/\/www.facebook.com\/FornosContenidorsSL\" \/>\n<meta property=\"article:modified_time\" content=\"2018-11-19T07:18:08+00:00\" \/>\n<meta property=\"og:image\" content=\"https:\/\/fornoscontenidors.com\/wp-content\/uploads\/2018\/11\/Fornos_Banner_Web_06-1024x536.jpg\" \/>\n<meta name=\"twitter:card\" content=\"summary_large_image\" \/>\n<meta name=\"twitter:label1\" content=\"Tiempo de lectura\" \/>\n\t<meta name=\"twitter:data1\" content=\"1 minuto\" \/>\n<script type=\"application\/ld+json\" class=\"yoast-schema-graph\">{\"@context\":\"https:\/\/schema.org\",\"@graph\":[{\"@type\":\"Organization\",\"@id\":\"https:\/\/fornoscontenidors.com\/es\/#organization\",\"name\":\"Fornos Contenidors\",\"url\":\"https:\/\/fornoscontenidors.com\/es\/\",\"sameAs\":[\"https:\/\/www.facebook.com\/FornosContenidorsSL\"],\"logo\":{\"@type\":\"ImageObject\",\"@id\":\"https:\/\/fornoscontenidors.com\/es\/#logo\",\"inLanguage\":\"es\",\"url\":\"https:\/\/fornoscontenidors.com\/wp-content\/uploads\/2018\/11\/Fornos_Logo_2T_2018.svg\",\"contentUrl\":\"https:\/\/fornoscontenidors.com\/wp-content\/uploads\/2018\/11\/Fornos_Logo_2T_2018.svg\",\"caption\":\"Fornos Contenidors\"},\"image\":{\"@id\":\"https:\/\/fornoscontenidors.com\/es\/#logo\"}},{\"@type\":\"WebSite\",\"@id\":\"https:\/\/fornoscontenidors.com\/es\/#website\",\"url\":\"https:\/\/fornoscontenidors.com\/es\/\",\"name\":\"Fornos Contenidors\",\"description\":\"Lloguer de contenidors al Baix Ebre\",\"publisher\":{\"@id\":\"https:\/\/fornoscontenidors.com\/es\/#organization\"},\"potentialAction\":[{\"@type\":\"SearchAction\",\"target\":{\"@type\":\"EntryPoint\",\"urlTemplate\":\"https:\/\/fornoscontenidors.com\/es\/?s={search_term_string}\"},\"query-input\":\"required name=search_term_string\"}],\"inLanguage\":\"es\"},{\"@type\":\"ImageObject\",\"@id\":\"https:\/\/fornoscontenidors.com\/es\/blog\/#primaryimage\",\"inLanguage\":\"es\",\"url\":\"https:\/\/fornoscontenidors.com\/wp-content\/uploads\/2018\/11\/Fornos_Banner_Web_06.jpg\",\"contentUrl\":\"https:\/\/fornoscontenidors.com\/wp-content\/uploads\/2018\/11\/Fornos_Banner_Web_06.jpg\",\"width\":1200,\"height\":628},{\"@type\":\"WebPage\",\"@id\":\"https:\/\/fornoscontenidors.com\/es\/blog\/#webpage\",\"url\":\"https:\/\/fornoscontenidors.com\/es\/blog\/\",\"name\":\"Blog - Fornos Contenidors\",\"isPartOf\":{\"@id\":\"https:\/\/fornoscontenidors.com\/es\/#website\"},\"primaryImageOfPage\":{\"@id\":\"https:\/\/fornoscontenidors.com\/es\/blog\/#primaryimage\"},\"datePublished\":\"2018-10-11T11:09:44+00:00\",\"dateModified\":\"2018-11-19T07:18:08+00:00\",\"description\":\"Descubre en nuestro blog las \\u00faltimas noticias, novedades y toda la informaci\\u00f3n relacionada con el mundo de la gesti\\u00f3n de los residuos.\",\"breadcrumb\":{\"@id\":\"https:\/\/fornoscontenidors.com\/es\/blog\/#breadcrumb\"},\"inLanguage\":\"es\",\"potentialAction\":[{\"@type\":\"ReadAction\",\"target\":[\"https:\/\/fornoscontenidors.com\/es\/blog\/\"]}]},{\"@type\":\"BreadcrumbList\",\"@id\":\"https:\/\/fornoscontenidors.com\/es\/blog\/#breadcrumb\",\"itemListElement\":[{\"@type\":\"ListItem\",\"position\":1,\"name\":\"Portada\",\"item\":\"https:\/\/fornoscontenidors.com\/es\/\"},{\"@type\":\"ListItem\",\"position\":2,\"name\":\"Blog\"}]}]}<\/script>\n<!-- \/ Yoast SEO plugin. -->","yoast_head_json":{"title":"Blog - Fornos Contenidors","description":"Descubre en nuestro blog las \u00faltimas noticias, novedades y toda la informaci\u00f3n relacionada con el mundo de la gesti\u00f3n de los residuos.","robots":{"index":"index","follow":"follow","max-snippet":"max-snippet:-1","max-image-preview":"max-image-preview:large","max-video-preview":"max-video-preview:-1"},"canonical":"https:\/\/fornoscontenidors.com\/es\/blog\/","og_locale":"es_ES","og_type":"article","og_title":"Blog - Fornos Contenidors","og_description":"Descubre en nuestro blog las \u00faltimas noticias, novedades y toda la informaci\u00f3n relacionada con el mundo de la gesti\u00f3n de los residuos.","og_url":"https:\/\/fornoscontenidors.com\/es\/blog\/","og_site_name":"Fornos Contenidors","article_publisher":"https:\/\/www.facebook.com\/FornosContenidorsSL","article_modified_time":"2018-11-19T07:18:08+00:00","og_image":[{"url":"https:\/\/fornoscontenidors.com\/wp-content\/uploads\/2018\/11\/Fornos_Banner_Web_06-1024x536.jpg"}],"twitter_card":"summary_large_image","twitter_misc":{"Tiempo de lectura":"1 minuto"},"schema":{"@context":"https:\/\/schema.org","@graph":[{"@type":"Organization","@id":"https:\/\/fornoscontenidors.com\/es\/#organization","name":"Fornos Contenidors","url":"https:\/\/fornoscontenidors.com\/es\/","sameAs":["https:\/\/www.facebook.com\/FornosContenidorsSL"],"logo":{"@type":"ImageObject","@id":"https:\/\/fornoscontenidors.com\/es\/#logo","inLanguage":"es","url":"https:\/\/fornoscontenidors.com\/wp-content\/uploads\/2018\/11\/Fornos_Logo_2T_2018.svg","contentUrl":"https:\/\/fornoscontenidors.com\/wp-content\/uploads\/2018\/11\/Fornos_Logo_2T_2018.svg","caption":"Fornos Contenidors"},"image":{"@id":"https:\/\/fornoscontenidors.com\/es\/#logo"}},{"@type":"WebSite","@id":"https:\/\/fornoscontenidors.com\/es\/#website","url":"https:\/\/fornoscontenidors.com\/es\/","name":"Fornos Contenidors","description":"Lloguer de contenidors al Baix Ebre","publisher":{"@id":"https:\/\/fornoscontenidors.com\/es\/#organization"},"potentialAction":[{"@type":"SearchAction","target":{"@type":"EntryPoint","urlTemplate":"https:\/\/fornoscontenidors.com\/es\/?s={search_term_string}"},"query-input":"required name=search_term_string"}],"inLanguage":"es"},{"@type":"ImageObject","@id":"https:\/\/fornoscontenidors.com\/es\/blog\/#primaryimage","inLanguage":"es","url":"https:\/\/fornoscontenidors.com\/wp-content\/uploads\/2018\/11\/Fornos_Banner_Web_06.jpg","contentUrl":"https:\/\/fornoscontenidors.com\/wp-content\/uploads\/2018\/11\/Fornos_Banner_Web_06.jpg","width":1200,"height":628},{"@type":"WebPage","@id":"https:\/\/fornoscontenidors.com\/es\/blog\/#webpage","url":"https:\/\/fornoscontenidors.com\/es\/blog\/","name":"Blog - Fornos Contenidors","isPartOf":{"@id":"https:\/\/fornoscontenidors.com\/es\/#website"},"primaryImageOfPage":{"@id":"https:\/\/fornoscontenidors.com\/es\/blog\/#primaryimage"},"datePublished":"2018-10-11T11:09:44+00:00","dateModified":"2018-11-19T07:18:08+00:00","description":"Descubre en nuestro blog las \u00faltimas noticias, novedades y toda la informaci\u00f3n relacionada con el mundo de la gesti\u00f3n de los residuos.","breadcrumb":{"@id":"https:\/\/fornoscontenidors.com\/es\/blog\/#breadcrumb"},"inLanguage":"es","potentialAction":[{"@type":"ReadAction","target":["https:\/\/fornoscontenidors.com\/es\/blog\/"]}]},{"@type":"BreadcrumbList","@id":"https:\/\/fornoscontenidors.com\/es\/blog\/#breadcrumb","itemListElement":[{"@type":"ListItem","position":1,"name":"Portada","item":"https:\/\/fornoscontenidors.com\/es\/"},{"@type":"ListItem","position":2,"name":"Blog"}]}]}},"_links":{"self":[{"href":"https:\/\/fornoscontenidors.com\/es\/wp-json\/wp\/v2\/pages\/410"}],"collection":[{"href":"https:\/\/fornoscontenidors.com\/es\/wp-json\/wp\/v2\/pages"}],"about":[{"href":"https:\/\/fornoscontenidors.com\/es\/wp-json\/wp\/v2\/types\/page"}],"author":[{"embeddable":true,"href":"https:\/\/fornoscontenidors.com\/es\/wp-json\/wp\/v2\/users\/1"}],"replies":[{"embeddable":true,"href":"https:\/\/fornoscontenidors.com\/es\/wp-json\/wp\/v2\/comments?post=410"}],"version-history":[{"count":5,"href":"https:\/\/fornoscontenidors.com\/es\/wp-json\/wp\/v2\/pages\/410\/revisions"}],"predecessor-version":[{"id":508,"href":"https:\/\/fornoscontenidors.com\/es\/wp-json\/wp\/v2\/pages\/410\/revisions\/508"}],"wp:attachment":[{"href":"https:\/\/fornoscontenidors.com\/es\/wp-json\/wp\/v2\/media?parent=410"}],"curies":[{"name":"wp","href":"https:\/\/api.w.org\/{rel}","templated":true}]}}