{"id":417,"date":"2018-10-11T11:09:26","date_gmt":"2018-10-11T11:09:26","guid":{"rendered":"https:\/\/fornoscontenidors.com\/enllacos\/"},"modified":"2018-12-10T11:32:58","modified_gmt":"2018-12-10T11:32:58","slug":"enlaces","status":"publish","type":"page","link":"https:\/\/fornoscontenidors.com\/es\/enlaces\/","title":{"rendered":"Enlaces"},"content":{"rendered":"<h1>ENLACES<\/h1>\n<h2>ENTIDADES<\/h2>\n<ul>\n<li><a href=\"https:\/\/gencat.cat\" target=\"_blank\" rel=\"noopener nofollow\"><\/a>\n<p>Generalitat de Catalunya<\/p ><\/li>\n<li><a href=\"https:\/\/web.gencat.cat\/ca\/temes\/mediambient\/\" target=\"_blank\" rel=\"noopener nofollow\"><\/a>\n<p>Departament de Medi Ambient<\/p ><\/li>\n<li><a href=\"https:\/\/www.diputaciodetarragona.cat\/\" target=\"_blank\" rel=\"noopener nofollow\"><\/a>\n<p>Diputaci\u00f3 de Tarragona<\/p ><\/li>\n<li><a href=\"https:\/\/www.baixebre.cat\/\" target=\"_blank\" rel=\"noopener nofollow\"><\/a>\n<p>Consell Comarcal del Baix Ebre<\/p ><\/li>\n<li><a href=\"https:\/\/deltebre.cat\/\" target=\"_blank\" rel=\"noopener nofollow\"><\/a>\n<p>Ajuntament de Deltebre<\/p ><\/li>\n<li><a href=\"https:\/\/www.cambratortosa.com\/\" target=\"_blank\" rel=\"noopener nofollow\"><\/a>\n<p>Cambra Oficial de Comer\u00e7 Ind\u00fastria i Navegaci\u00f3 de Tortosa<\/p ><\/li>\n<li><a href=\"https:\/\/www.mapama.gob.es\/\" target=\"_blank\" rel=\"noopener nofollow\"><\/a>\n<p>Ministerio de Medio Ambiente y Medio Rural y Marino<\/p ><\/li>\n<\/ul>\n<ul>\n<li><a href=\"https:\/\/www.fomento.es\/transporte_terrestre\" target=\"_blank\" rel=\"noopener nofollow\"><\/a>\n<p>Transports per Carretera &#8211; Ministerio de Fomento<\/p ><\/li>\n<li><a href=\"https:\/\/ec.europa.eu\/transport\/road_safety\/index_en\" target=\"_blank\" rel=\"noopener nofollow\"><\/a>\n<p>Transport per carretera (Europa)<\/p ><\/li>\n<li><a href=\"https:\/\/www.cetm.es\/cetm.asp\" target=\"_blank\" rel=\"noopener nofollow\"><\/a>\n<p>Confederaci\u00f3 Espanyola de Transport de Mercaderies<\/p ><\/li>\n<li><a href=\"https:\/\/www.astic.net\/\" target=\"_blank\" rel=\"noopener nofollow\"><\/a>\n<p>Associaci\u00f3 del Transport Internacional per Carretera<\/p ><\/li>\n<\/ul>\n<h2>TRANSPORTES<\/h2>\n<h2>AMIANTO<\/h2>\n<ul>\n<li><a href=\"https:\/\/amianto.net\" target=\"_blank\" rel=\"noopener nofollow\"><\/a>\n<p>Amianto.net<\/p ><\/li>\n<li><a href=\"https:\/\/www.epa.gov\/\" target=\"_blank\" rel=\"noopener nofollow\"><\/a>\n<p>Ag\u00e8ncia de Protecci\u00f3 del Medi Ambient<\/p ><\/li>\n<li><a href=\"https:\/\/www.insht.es\/portal\/site\/Insht\/\" target=\"_blank\" rel=\"noopener nofollow\"><\/a>\n<p>Institut nacional de seguretat i higiene en el treball<\/p ><\/li>\n<li><a href=\"https:\/\/es.wikipedia.org\/wiki\/Asbesto\" target=\"_blank\" rel=\"noopener nofollow\"><\/a>\n<p>Amiant: a la Wikip\u00e8dia<\/p ><\/li>\n<\/ul>\n<ul>\n<li><a href=\"https:\/\/www.ategrus.org\/\" target=\"_blank\" rel=\"noopener nofollow\"><\/a>\n<p>Asociaci\u00f3n T\u00e9cnica para la Gesti\u00f3n de Residuos y Medio Ambiente<\/p ><\/li>\n<li><a href=\"https:\/\/www4.tecnun.es\/asignaturas\/Ecologia\/Hipertexto\/13Residu\/160Gestion.htm\" target=\"_blank\" rel=\"noopener nofollow\"><\/a>\n<p>Sobre Ecolog\u00eda<\/p ><\/li>\n<li><a href=\"https:\/\/www2.uned.es\/biblioteca\/rsu\/pagina3.htm\" target=\"_blank\" rel=\"noopener nofollow\"><\/a>\n<p>Gesti\u00f3 i tractament de residus urbans<\/p ><\/li>\n<li><a href=\"https:\/\/es.wikipedia.org\/wiki\/Gesti%C3%B3n_de_residuos\" target=\"_blank\" rel=\"noopener nofollow\"><\/a>\n<p>Gesti\u00f3 de residus: Wikip\u00e8dia<\/p ><\/li>\n<\/ul>\n<h2>GESTI\u00d3N DE RESIDUS<\/h2>\n<p>\t<a href=\"mailto:info@fornoscontenidors.com\" target=\"_self\" ><\/a><\/p>\n<h3> info@fornoscontenidors.com<\/h3>\n<p>\t<a href=\"tel:977 489 760\" target=\"_self\" ><\/a><\/p>\n<h3> (+34) 977 489 760<\/h3>\n<h3> TTV3454 Km 11,87 &#8211;  Deltebre, Tarragona<\/h3>\n","protected":false},"excerpt":{"rendered":"<p>ENLACES ENTIDADES Generalitat de Catalunya Departament de Medi Ambient Diputaci\u00f3 de Tarragona Consell Comarcal del Baix Ebre Ajuntament de Deltebre Cambra Oficial de Comer\u00e7 Ind\u00fastria i Navegaci\u00f3 de Tortosa Ministerio de Medio Ambiente y Medio Rural y Marino Transports per Carretera &#8211; Ministerio de Fomento Transport per carretera (Europa) Confederaci\u00f3 Espanyola de Transport de Mercaderies [&hellip;]<\/p>\n","protected":false},"author":1,"featured_media":0,"parent":0,"menu_order":0,"comment_status":"closed","ping_status":"closed","template":"","meta":{"inline_featured_image":false,"_exactmetrics_skip_tracking":false,"_exactmetrics_sitenote_active":false,"_exactmetrics_sitenote_note":"","_exactmetrics_sitenote_category":0},"yoast_head":"<!-- This site is optimized with the Yoast SEO plugin v17.1 - https:\/\/yoast.com\/wordpress\/plugins\/seo\/ -->\n<title>Enlaces - Fornos Contenidors<\/title>\n<meta name=\"robots\" content=\"index, follow, max-snippet:-1, max-image-preview:large, max-video-preview:-1\" \/>\n<link rel=\"canonical\" href=\"https:\/\/fornoscontenidors.com\/es\/enlaces\/\" \/>\n<meta property=\"og:locale\" content=\"es_ES\" \/>\n<meta property=\"og:type\" content=\"article\" \/>\n<meta property=\"og:title\" content=\"Enlaces - Fornos Contenidors\" \/>\n<meta property=\"og:description\" content=\"ENLACES ENTIDADES Generalitat de Catalunya Departament de Medi Ambient Diputaci\u00f3 de Tarragona Consell Comarcal del Baix Ebre Ajuntament de Deltebre Cambra Oficial de Comer\u00e7 Ind\u00fastria i Navegaci\u00f3 de Tortosa Ministerio de Medio Ambiente y Medio Rural y Marino Transports per Carretera &#8211; Ministerio de Fomento Transport per carretera (Europa) Confederaci\u00f3 Espanyola de Transport de Mercaderies [&hellip;]\" \/>\n<meta property=\"og:url\" content=\"https:\/\/fornoscontenidors.com\/es\/enlaces\/\" \/>\n<meta property=\"og:site_name\" content=\"Fornos Contenidors\" \/>\n<meta property=\"article:publisher\" content=\"https:\/\/www.facebook.com\/FornosContenidorsSL\" \/>\n<meta property=\"article:modified_time\" content=\"2018-12-10T11:32:58+00:00\" \/>\n<meta name=\"twitter:card\" content=\"summary_large_image\" \/>\n<meta name=\"twitter:label1\" content=\"Tiempo de lectura\" \/>\n\t<meta name=\"twitter:data1\" content=\"1 minuto\" \/>\n<script type=\"application\/ld+json\" class=\"yoast-schema-graph\">{\"@context\":\"https:\/\/schema.org\",\"@graph\":[{\"@type\":\"Organization\",\"@id\":\"https:\/\/fornoscontenidors.com\/es\/#organization\",\"name\":\"Fornos Contenidors\",\"url\":\"https:\/\/fornoscontenidors.com\/es\/\",\"sameAs\":[\"https:\/\/www.facebook.com\/FornosContenidorsSL\"],\"logo\":{\"@type\":\"ImageObject\",\"@id\":\"https:\/\/fornoscontenidors.com\/es\/#logo\",\"inLanguage\":\"es\",\"url\":\"https:\/\/fornoscontenidors.com\/wp-content\/uploads\/2018\/11\/Fornos_Logo_2T_2018.svg\",\"contentUrl\":\"https:\/\/fornoscontenidors.com\/wp-content\/uploads\/2018\/11\/Fornos_Logo_2T_2018.svg\",\"caption\":\"Fornos Contenidors\"},\"image\":{\"@id\":\"https:\/\/fornoscontenidors.com\/es\/#logo\"}},{\"@type\":\"WebSite\",\"@id\":\"https:\/\/fornoscontenidors.com\/es\/#website\",\"url\":\"https:\/\/fornoscontenidors.com\/es\/\",\"name\":\"Fornos Contenidors\",\"description\":\"Lloguer de contenidors al Baix Ebre\",\"publisher\":{\"@id\":\"https:\/\/fornoscontenidors.com\/es\/#organization\"},\"potentialAction\":[{\"@type\":\"SearchAction\",\"target\":{\"@type\":\"EntryPoint\",\"urlTemplate\":\"https:\/\/fornoscontenidors.com\/es\/?s={search_term_string}\"},\"query-input\":\"required name=search_term_string\"}],\"inLanguage\":\"es\"},{\"@type\":\"WebPage\",\"@id\":\"https:\/\/fornoscontenidors.com\/es\/enlaces\/#webpage\",\"url\":\"https:\/\/fornoscontenidors.com\/es\/enlaces\/\",\"name\":\"Enlaces - Fornos Contenidors\",\"isPartOf\":{\"@id\":\"https:\/\/fornoscontenidors.com\/es\/#website\"},\"datePublished\":\"2018-10-11T11:09:26+00:00\",\"dateModified\":\"2018-12-10T11:32:58+00:00\",\"breadcrumb\":{\"@id\":\"https:\/\/fornoscontenidors.com\/es\/enlaces\/#breadcrumb\"},\"inLanguage\":\"es\",\"potentialAction\":[{\"@type\":\"ReadAction\",\"target\":[\"https:\/\/fornoscontenidors.com\/es\/enlaces\/\"]}]},{\"@type\":\"BreadcrumbList\",\"@id\":\"https:\/\/fornoscontenidors.com\/es\/enlaces\/#breadcrumb\",\"itemListElement\":[{\"@type\":\"ListItem\",\"position\":1,\"name\":\"Portada\",\"item\":\"https:\/\/fornoscontenidors.com\/es\/\"},{\"@type\":\"ListItem\",\"position\":2,\"name\":\"Enlaces\"}]}]}<\/script>\n<!-- \/ Yoast SEO plugin. -->","yoast_head_json":{"title":"Enlaces - Fornos Contenidors","robots":{"index":"index","follow":"follow","max-snippet":"max-snippet:-1","max-image-preview":"max-image-preview:large","max-video-preview":"max-video-preview:-1"},"canonical":"https:\/\/fornoscontenidors.com\/es\/enlaces\/","og_locale":"es_ES","og_type":"article","og_title":"Enlaces - Fornos Contenidors","og_description":"ENLACES ENTIDADES Generalitat de Catalunya Departament de Medi Ambient Diputaci\u00f3 de Tarragona Consell Comarcal del Baix Ebre Ajuntament de Deltebre Cambra Oficial de Comer\u00e7 Ind\u00fastria i Navegaci\u00f3 de Tortosa Ministerio de Medio Ambiente y Medio Rural y Marino Transports per Carretera &#8211; Ministerio de Fomento Transport per carretera (Europa) Confederaci\u00f3 Espanyola de Transport de Mercaderies [&hellip;]","og_url":"https:\/\/fornoscontenidors.com\/es\/enlaces\/","og_site_name":"Fornos Contenidors","article_publisher":"https:\/\/www.facebook.com\/FornosContenidorsSL","article_modified_time":"2018-12-10T11:32:58+00:00","twitter_card":"summary_large_image","twitter_misc":{"Tiempo de lectura":"1 minuto"},"schema":{"@context":"https:\/\/schema.org","@graph":[{"@type":"Organization","@id":"https:\/\/fornoscontenidors.com\/es\/#organization","name":"Fornos Contenidors","url":"https:\/\/fornoscontenidors.com\/es\/","sameAs":["https:\/\/www.facebook.com\/FornosContenidorsSL"],"logo":{"@type":"ImageObject","@id":"https:\/\/fornoscontenidors.com\/es\/#logo","inLanguage":"es","url":"https:\/\/fornoscontenidors.com\/wp-content\/uploads\/2018\/11\/Fornos_Logo_2T_2018.svg","contentUrl":"https:\/\/fornoscontenidors.com\/wp-content\/uploads\/2018\/11\/Fornos_Logo_2T_2018.svg","caption":"Fornos Contenidors"},"image":{"@id":"https:\/\/fornoscontenidors.com\/es\/#logo"}},{"@type":"WebSite","@id":"https:\/\/fornoscontenidors.com\/es\/#website","url":"https:\/\/fornoscontenidors.com\/es\/","name":"Fornos Contenidors","description":"Lloguer de contenidors al Baix Ebre","publisher":{"@id":"https:\/\/fornoscontenidors.com\/es\/#organization"},"potentialAction":[{"@type":"SearchAction","target":{"@type":"EntryPoint","urlTemplate":"https:\/\/fornoscontenidors.com\/es\/?s={search_term_string}"},"query-input":"required name=search_term_string"}],"inLanguage":"es"},{"@type":"WebPage","@id":"https:\/\/fornoscontenidors.com\/es\/enlaces\/#webpage","url":"https:\/\/fornoscontenidors.com\/es\/enlaces\/","name":"Enlaces - Fornos Contenidors","isPartOf":{"@id":"https:\/\/fornoscontenidors.com\/es\/#website"},"datePublished":"2018-10-11T11:09:26+00:00","dateModified":"2018-12-10T11:32:58+00:00","breadcrumb":{"@id":"https:\/\/fornoscontenidors.com\/es\/enlaces\/#breadcrumb"},"inLanguage":"es","potentialAction":[{"@type":"ReadAction","target":["https:\/\/fornoscontenidors.com\/es\/enlaces\/"]}]},{"@type":"BreadcrumbList","@id":"https:\/\/fornoscontenidors.com\/es\/enlaces\/#breadcrumb","itemListElement":[{"@type":"ListItem","position":1,"name":"Portada","item":"https:\/\/fornoscontenidors.com\/es\/"},{"@type":"ListItem","position":2,"name":"Enlaces"}]}]}},"_links":{"self":[{"href":"https:\/\/fornoscontenidors.com\/es\/wp-json\/wp\/v2\/pages\/417"}],"collection":[{"href":"https:\/\/fornoscontenidors.com\/es\/wp-json\/wp\/v2\/pages"}],"about":[{"href":"https:\/\/fornoscontenidors.com\/es\/wp-json\/wp\/v2\/types\/page"}],"author":[{"embeddable":true,"href":"https:\/\/fornoscontenidors.com\/es\/wp-json\/wp\/v2\/users\/1"}],"replies":[{"embeddable":true,"href":"https:\/\/fornoscontenidors.com\/es\/wp-json\/wp\/v2\/comments?post=417"}],"version-history":[{"count":3,"href":"https:\/\/fornoscontenidors.com\/es\/wp-json\/wp\/v2\/pages\/417\/revisions"}],"predecessor-version":[{"id":516,"href":"https:\/\/fornoscontenidors.com\/es\/wp-json\/wp\/v2\/pages\/417\/revisions\/516"}],"wp:attachment":[{"href":"https:\/\/fornoscontenidors.com\/es\/wp-json\/wp\/v2\/media?parent=417"}],"curies":[{"name":"wp","href":"https:\/\/api.w.org\/{rel}","templated":true}]}}