{"id":559,"date":"2019-01-04T12:47:49","date_gmt":"2019-01-04T12:47:49","guid":{"rendered":"https:\/\/fornoscontenidors.com\/desamiantado\/ametlla-de-mar\/"},"modified":"2019-01-04T12:47:50","modified_gmt":"2019-01-04T12:47:50","slug":"ametlla-de-mar","status":"publish","type":"page","link":"https:\/\/fornoscontenidors.com\/es\/desamiantado\/ametlla-de-mar\/","title":{"rendered":"Servicio de desamiantado en L&#8217;Ametlla de Mar"},"content":{"rendered":"<p>El amianto, conocido tambi\u00e9n como uralita, es  uno de los componentes del fibrocemento; un material usado en construcci\u00f3n que resulta t\u00f3xico. En Espa\u00f1a fue prohibido en 2002 pero todav\u00eda hoy hay edificaciones que contienen este mineral.  A causa de sus efectos perjudiciales es indispensable que el servicio de desamiantado se realice con una empresa autorizada y especializada.<\/p>\n<p> Al ser un material t\u00f3xico es obligatorio que la manipulaci\u00f3n del amianto se lleve a cabo con una empresa autorizada y especializada.  <\/p>\n<p> En Fornos Contenidors estamos inscritos en el RERA y estamos autorizados para gestionar el servicio de desamiantado en L&#8217;Ametlla de Mar, cumpliendo con la seguridad y responsabilidad indispensables. Nos hacemos cargo de todo el proceso: desde el asesoramiento hasta el desmontaje y tratamiento del amianto.  <\/p>\n<h2>Otras localidades donde ofrecemos nuestros servicios de desamiantado<\/h2>\n<div class=\"col-md-4\">\n<ul>\n<li> <a href='https:\/\/fornoscontenidors.com\/es\/desamiantado\/amposta'>Amposta<\/a><\/li>\n<li> <a href='https:\/\/fornoscontenidors.com\/es\/desamiantado\/la-palma-d-ebre'>La Palma d&#8217;Ebre<\/a><\/li>\n<li> <a href='https:\/\/fornoscontenidors.com\/es\/desamiantado\/els-reguers'>Els Reguers<\/a><\/li>\n<li> <a href='https:\/\/fornoscontenidors.com\/es\/desamiantado\/benissanet'>Benissanet<\/a><\/li>\n<\/ul>\n<\/div>\n<div class=\"col-md-4\">\n<ul>\n<li> <a href='https:\/\/fornoscontenidors.com\/es\/desamiantado\/freginals'>Freginals<\/a><\/li>\n<li> <a href='https:\/\/fornoscontenidors.com\/es\/desamiantado\/deltebre'>Deltebre<\/a><\/li>\n<li> <a href='https:\/\/fornoscontenidors.com\/es\/desamiantado\/mas-de-barberans'>Mas de Barberans<\/a><\/li>\n<li> <a href='https:\/\/fornoscontenidors.com\/es\/desamiantado\/benifallet'>Benifallet<\/a><\/li>\n<\/ul>\n<\/div>\n<div class=\"col-md-4\">\n<ul>\n<li> <a href='https:\/\/fornoscontenidors.com\/es\/desamiantado\/la-torre-de-espanyol'>La Torre de l&#8217;Espanyol<\/a><\/li>\n<li> <a href='https:\/\/fornoscontenidors.com\/es\/desamiantado\/vinallop'>Vinallop<\/a><\/li>\n<li> <a href='https:\/\/fornoscontenidors.com\/es\/desamiantado\/els-muntells'>Els Muntells<\/a><\/li>\n<li> <a href='https:\/\/fornoscontenidors.com\/es\/desamiantado\/ulldecona'>Ulldecona<\/a><\/li>\n<\/ul>\n<\/div>\n<div class=\"clearfix\"><\/div>\n","protected":false},"excerpt":{"rendered":"<p>El amianto, conocido tambi\u00e9n como uralita, es uno de los componentes del fibrocemento; un material usado en construcci\u00f3n que resulta t\u00f3xico. En Espa\u00f1a fue prohibido en 2002 pero todav\u00eda hoy hay edificaciones que contienen este mineral. A causa de sus efectos perjudiciales es indispensable que el servicio de desamiantado se realice con una empresa autorizada [&hellip;]<\/p>\n","protected":false},"author":1,"featured_media":0,"parent":395,"menu_order":0,"comment_status":"open","ping_status":"open","template":"page-seo.php","meta":{"inline_featured_image":false,"_exactmetrics_skip_tracking":false,"_exactmetrics_sitenote_active":false,"_exactmetrics_sitenote_note":"","_exactmetrics_sitenote_category":0},"yoast_head":"<!-- This site is optimized with the Yoast SEO plugin v17.1 - https:\/\/yoast.com\/wordpress\/plugins\/seo\/ -->\n<title>Servicio de retirada de amianto en L&#039;Ametlla de Mar - Fornos Contenidors<\/title>\n<meta name=\"description\" content=\"Gestor de residuos autorizado. Servicio de desamiantado en L&#039;Ametlla de Mar. Servicio seguro y eficiente. - Fornos Contenidors\" \/>\n<meta name=\"robots\" content=\"index, follow, max-snippet:-1, max-image-preview:large, max-video-preview:-1\" \/>\n<link rel=\"canonical\" href=\"https:\/\/fornoscontenidors.com\/es\/desamiantado\/ametlla-de-mar\/\" \/>\n<meta property=\"og:locale\" content=\"es_ES\" \/>\n<meta property=\"og:type\" content=\"article\" \/>\n<meta property=\"og:title\" content=\"Servicio de retirada de amianto en L&#039;Ametlla de Mar - Fornos Contenidors\" \/>\n<meta property=\"og:description\" content=\"Gestor de residuos autorizado. Servicio de desamiantado en L&#039;Ametlla de Mar. Servicio seguro y eficiente. - Fornos Contenidors\" \/>\n<meta property=\"og:url\" content=\"https:\/\/fornoscontenidors.com\/es\/desamiantado\/ametlla-de-mar\/\" \/>\n<meta property=\"og:site_name\" content=\"Fornos Contenidors\" \/>\n<meta property=\"article:publisher\" content=\"https:\/\/www.facebook.com\/FornosContenidorsSL\" \/>\n<meta property=\"article:modified_time\" content=\"2019-01-04T12:47:50+00:00\" \/>\n<meta name=\"twitter:card\" content=\"summary_large_image\" \/>\n<meta name=\"twitter:label1\" content=\"Tiempo de lectura\" \/>\n\t<meta name=\"twitter:data1\" content=\"1 minuto\" \/>\n<script type=\"application\/ld+json\" class=\"yoast-schema-graph\">{\"@context\":\"https:\/\/schema.org\",\"@graph\":[{\"@type\":\"Organization\",\"@id\":\"https:\/\/fornoscontenidors.com\/es\/#organization\",\"name\":\"Fornos Contenidors\",\"url\":\"https:\/\/fornoscontenidors.com\/es\/\",\"sameAs\":[\"https:\/\/www.facebook.com\/FornosContenidorsSL\"],\"logo\":{\"@type\":\"ImageObject\",\"@id\":\"https:\/\/fornoscontenidors.com\/es\/#logo\",\"inLanguage\":\"es\",\"url\":\"https:\/\/fornoscontenidors.com\/wp-content\/uploads\/2018\/11\/Fornos_Logo_2T_2018.svg\",\"contentUrl\":\"https:\/\/fornoscontenidors.com\/wp-content\/uploads\/2018\/11\/Fornos_Logo_2T_2018.svg\",\"caption\":\"Fornos Contenidors\"},\"image\":{\"@id\":\"https:\/\/fornoscontenidors.com\/es\/#logo\"}},{\"@type\":\"WebSite\",\"@id\":\"https:\/\/fornoscontenidors.com\/es\/#website\",\"url\":\"https:\/\/fornoscontenidors.com\/es\/\",\"name\":\"Fornos Contenidors\",\"description\":\"Lloguer de contenidors al Baix Ebre\",\"publisher\":{\"@id\":\"https:\/\/fornoscontenidors.com\/es\/#organization\"},\"potentialAction\":[{\"@type\":\"SearchAction\",\"target\":{\"@type\":\"EntryPoint\",\"urlTemplate\":\"https:\/\/fornoscontenidors.com\/es\/?s={search_term_string}\"},\"query-input\":\"required name=search_term_string\"}],\"inLanguage\":\"es\"},{\"@type\":\"WebPage\",\"@id\":\"https:\/\/fornoscontenidors.com\/es\/desamiantado\/ametlla-de-mar\/#webpage\",\"url\":\"https:\/\/fornoscontenidors.com\/es\/desamiantado\/ametlla-de-mar\/\",\"name\":\"Servicio de retirada de amianto en L'Ametlla de Mar - Fornos Contenidors\",\"isPartOf\":{\"@id\":\"https:\/\/fornoscontenidors.com\/es\/#website\"},\"datePublished\":\"2019-01-04T12:47:49+00:00\",\"dateModified\":\"2019-01-04T12:47:50+00:00\",\"description\":\"Gestor de residuos autorizado. Servicio de desamiantado en L'Ametlla de Mar. Servicio seguro y eficiente. - Fornos Contenidors\",\"breadcrumb\":{\"@id\":\"https:\/\/fornoscontenidors.com\/es\/desamiantado\/ametlla-de-mar\/#breadcrumb\"},\"inLanguage\":\"es\",\"potentialAction\":[{\"@type\":\"ReadAction\",\"target\":[\"https:\/\/fornoscontenidors.com\/es\/desamiantado\/ametlla-de-mar\/\"]}]},{\"@type\":\"BreadcrumbList\",\"@id\":\"https:\/\/fornoscontenidors.com\/es\/desamiantado\/ametlla-de-mar\/#breadcrumb\",\"itemListElement\":[{\"@type\":\"ListItem\",\"position\":1,\"name\":\"Portada\",\"item\":\"https:\/\/fornoscontenidors.com\/es\/\"},{\"@type\":\"ListItem\",\"position\":2,\"name\":\"Desamiantado\",\"item\":\"https:\/\/fornoscontenidors.com\/es\/desamiantado\/\"},{\"@type\":\"ListItem\",\"position\":3,\"name\":\"Servicio de desamiantado en L&#8217;Ametlla de Mar\"}]}]}<\/script>\n<!-- \/ Yoast SEO plugin. -->","yoast_head_json":{"title":"Servicio de retirada de amianto en L'Ametlla de Mar - Fornos Contenidors","description":"Gestor de residuos autorizado. Servicio de desamiantado en L'Ametlla de Mar. Servicio seguro y eficiente. - Fornos Contenidors","robots":{"index":"index","follow":"follow","max-snippet":"max-snippet:-1","max-image-preview":"max-image-preview:large","max-video-preview":"max-video-preview:-1"},"canonical":"https:\/\/fornoscontenidors.com\/es\/desamiantado\/ametlla-de-mar\/","og_locale":"es_ES","og_type":"article","og_title":"Servicio de retirada de amianto en L'Ametlla de Mar - Fornos Contenidors","og_description":"Gestor de residuos autorizado. Servicio de desamiantado en L'Ametlla de Mar. Servicio seguro y eficiente. - Fornos Contenidors","og_url":"https:\/\/fornoscontenidors.com\/es\/desamiantado\/ametlla-de-mar\/","og_site_name":"Fornos Contenidors","article_publisher":"https:\/\/www.facebook.com\/FornosContenidorsSL","article_modified_time":"2019-01-04T12:47:50+00:00","twitter_card":"summary_large_image","twitter_misc":{"Tiempo de lectura":"1 minuto"},"schema":{"@context":"https:\/\/schema.org","@graph":[{"@type":"Organization","@id":"https:\/\/fornoscontenidors.com\/es\/#organization","name":"Fornos Contenidors","url":"https:\/\/fornoscontenidors.com\/es\/","sameAs":["https:\/\/www.facebook.com\/FornosContenidorsSL"],"logo":{"@type":"ImageObject","@id":"https:\/\/fornoscontenidors.com\/es\/#logo","inLanguage":"es","url":"https:\/\/fornoscontenidors.com\/wp-content\/uploads\/2018\/11\/Fornos_Logo_2T_2018.svg","contentUrl":"https:\/\/fornoscontenidors.com\/wp-content\/uploads\/2018\/11\/Fornos_Logo_2T_2018.svg","caption":"Fornos Contenidors"},"image":{"@id":"https:\/\/fornoscontenidors.com\/es\/#logo"}},{"@type":"WebSite","@id":"https:\/\/fornoscontenidors.com\/es\/#website","url":"https:\/\/fornoscontenidors.com\/es\/","name":"Fornos Contenidors","description":"Lloguer de contenidors al Baix Ebre","publisher":{"@id":"https:\/\/fornoscontenidors.com\/es\/#organization"},"potentialAction":[{"@type":"SearchAction","target":{"@type":"EntryPoint","urlTemplate":"https:\/\/fornoscontenidors.com\/es\/?s={search_term_string}"},"query-input":"required name=search_term_string"}],"inLanguage":"es"},{"@type":"WebPage","@id":"https:\/\/fornoscontenidors.com\/es\/desamiantado\/ametlla-de-mar\/#webpage","url":"https:\/\/fornoscontenidors.com\/es\/desamiantado\/ametlla-de-mar\/","name":"Servicio de retirada de amianto en L'Ametlla de Mar - Fornos Contenidors","isPartOf":{"@id":"https:\/\/fornoscontenidors.com\/es\/#website"},"datePublished":"2019-01-04T12:47:49+00:00","dateModified":"2019-01-04T12:47:50+00:00","description":"Gestor de residuos autorizado. Servicio de desamiantado en L'Ametlla de Mar. Servicio seguro y eficiente. - Fornos Contenidors","breadcrumb":{"@id":"https:\/\/fornoscontenidors.com\/es\/desamiantado\/ametlla-de-mar\/#breadcrumb"},"inLanguage":"es","potentialAction":[{"@type":"ReadAction","target":["https:\/\/fornoscontenidors.com\/es\/desamiantado\/ametlla-de-mar\/"]}]},{"@type":"BreadcrumbList","@id":"https:\/\/fornoscontenidors.com\/es\/desamiantado\/ametlla-de-mar\/#breadcrumb","itemListElement":[{"@type":"ListItem","position":1,"name":"Portada","item":"https:\/\/fornoscontenidors.com\/es\/"},{"@type":"ListItem","position":2,"name":"Desamiantado","item":"https:\/\/fornoscontenidors.com\/es\/desamiantado\/"},{"@type":"ListItem","position":3,"name":"Servicio de desamiantado en L&#8217;Ametlla de Mar"}]}]}},"_links":{"self":[{"href":"https:\/\/fornoscontenidors.com\/es\/wp-json\/wp\/v2\/pages\/559"}],"collection":[{"href":"https:\/\/fornoscontenidors.com\/es\/wp-json\/wp\/v2\/pages"}],"about":[{"href":"https:\/\/fornoscontenidors.com\/es\/wp-json\/wp\/v2\/types\/page"}],"author":[{"embeddable":true,"href":"https:\/\/fornoscontenidors.com\/es\/wp-json\/wp\/v2\/users\/1"}],"replies":[{"embeddable":true,"href":"https:\/\/fornoscontenidors.com\/es\/wp-json\/wp\/v2\/comments?post=559"}],"version-history":[{"count":1,"href":"https:\/\/fornoscontenidors.com\/es\/wp-json\/wp\/v2\/pages\/559\/revisions"}],"predecessor-version":[{"id":627,"href":"https:\/\/fornoscontenidors.com\/es\/wp-json\/wp\/v2\/pages\/559\/revisions\/627"}],"up":[{"embeddable":true,"href":"https:\/\/fornoscontenidors.com\/es\/wp-json\/wp\/v2\/pages\/395"}],"wp:attachment":[{"href":"https:\/\/fornoscontenidors.com\/es\/wp-json\/wp\/v2\/media?parent=559"}],"curies":[{"name":"wp","href":"https:\/\/api.w.org\/{rel}","templated":true}]}}