{"id":570,"date":"2019-01-04T12:47:49","date_gmt":"2019-01-04T12:47:49","guid":{"rendered":"https:\/\/fornoscontenidors.com\/desamiantado\/roquetes\/"},"modified":"2019-01-04T12:47:51","modified_gmt":"2019-01-04T12:47:51","slug":"roquetes","status":"publish","type":"page","link":"https:\/\/fornoscontenidors.com\/es\/desamiantado\/roquetes\/","title":{"rendered":"Servicio de desamiantado en Roquetes"},"content":{"rendered":"<p>El amianto, tambi\u00e9n conocido como uralita, es un mineral que se presenta en forma de fibras flexibles; un material de construcci\u00f3n considerado como t\u00f3xico. Su uso se prohibi\u00f3 en Espa\u00f1a en 2002 pero todav\u00eda en la actualidad hay edificaciones que contienen este mineral.  A causa de sus efectos perjudiciales es indispensable que el servicio de desamiantado se lleve a cabo con una empresa inscrita en el Registro de Empresas con Riesgo de Amianto (RERA).<\/p>\n<p> El desamiantado es necesario que se lleve a cabo por una empresa autorizada debido a sus efectos perjudiciales.  <\/p>\n<p> En Fornos Contenidors estamos autorizados para gestionar el servicio de desamiantado en Roquetes, cumpliendo con la seguridad y responsabilidad indispensables. Nos ocupamos de todo el procedimiento: desde el asesoramiento hasta la extracci\u00f3n y tratamiento del amianto.  <\/p>\n<h2>Otras localidades donde ofrecemos nuestros servicios de desamiantado<\/h2>\n<div class=\"col-md-4\">\n<ul>\n<li> <a href='https:\/\/fornoscontenidors.com\/es\/desamiantado\/amposta'>Amposta<\/a><\/li>\n<li> <a href='https:\/\/fornoscontenidors.com\/es\/desamiantado\/tivissa'>Tivissa<\/a><\/li>\n<li> <a href='https:\/\/fornoscontenidors.com\/es\/desamiantado\/la-palma-d-ebre'>La Palma d&#8217;Ebre<\/a><\/li>\n<li> <a href='https:\/\/fornoscontenidors.com\/es\/desamiantado\/horta-de-sant-joan'>Horta de Sant Joan<\/a><\/li>\n<\/ul>\n<\/div>\n<div class=\"col-md-4\">\n<ul>\n<li> <a href='https:\/\/fornoscontenidors.com\/es\/desamiantado\/arnes'>Arnes<\/a><\/li>\n<li> <a href='https:\/\/fornoscontenidors.com\/es\/desamiantado\/mas-de-barberans'>Mas de Barberans<\/a><\/li>\n<li> <a href='https:\/\/fornoscontenidors.com\/es\/desamiantado\/el-pinell-de-brai'>El Pinell de Brai<\/a><\/li>\n<li> <a href='https:\/\/fornoscontenidors.com\/es\/desamiantado\/bitem'>B\u00edtem<\/a><\/li>\n<\/ul>\n<\/div>\n<div class=\"col-md-4\">\n<ul>\n<li> <a href='https:\/\/fornoscontenidors.com\/es\/desamiantado\/mora-d-ebre'>M\u00f3ra d\u2019Ebre<\/a><\/li>\n<li> <a href='https:\/\/fornoscontenidors.com\/es\/desamiantado\/la-fatarella'>La Fatarella<\/a><\/li>\n<li> <a href='https:\/\/fornoscontenidors.com\/es\/desamiantado\/mora-d-ebre'>M\u00f3ra d&#8217;Ebre<\/a><\/li>\n<li> <a href='https:\/\/fornoscontenidors.com\/es\/desamiantado\/caseres'>Caseres<\/a><\/li>\n<\/ul>\n<\/div>\n<div class=\"clearfix\"><\/div>\n","protected":false},"excerpt":{"rendered":"<p>El amianto, tambi\u00e9n conocido como uralita, es un mineral que se presenta en forma de fibras flexibles; un material de construcci\u00f3n considerado como t\u00f3xico. Su uso se prohibi\u00f3 en Espa\u00f1a en 2002 pero todav\u00eda en la actualidad hay edificaciones que contienen este mineral. A causa de sus efectos perjudiciales es indispensable que el servicio de [&hellip;]<\/p>\n","protected":false},"author":1,"featured_media":0,"parent":395,"menu_order":0,"comment_status":"open","ping_status":"open","template":"page-seo.php","meta":{"inline_featured_image":false,"_exactmetrics_skip_tracking":false,"_exactmetrics_sitenote_active":false,"_exactmetrics_sitenote_note":"","_exactmetrics_sitenote_category":0},"yoast_head":"<!-- This site is optimized with the Yoast SEO plugin v17.1 - https:\/\/yoast.com\/wordpress\/plugins\/seo\/ -->\n<title>Servicio de retirada de amianto en Roquetes - Fornos Contenidors<\/title>\n<meta name=\"description\" content=\"Gestor de residuos autorizado. Servicio de desamiantado en Roquetes . Servicio seguro y eficiente. - Fornos Contenidors\" \/>\n<meta name=\"robots\" content=\"index, follow, max-snippet:-1, max-image-preview:large, max-video-preview:-1\" \/>\n<link rel=\"canonical\" href=\"https:\/\/fornoscontenidors.com\/es\/desamiantado\/roquetes\/\" \/>\n<meta property=\"og:locale\" content=\"es_ES\" \/>\n<meta property=\"og:type\" content=\"article\" \/>\n<meta property=\"og:title\" content=\"Servicio de retirada de amianto en Roquetes - Fornos Contenidors\" \/>\n<meta property=\"og:description\" content=\"Gestor de residuos autorizado. Servicio de desamiantado en Roquetes . Servicio seguro y eficiente. - Fornos Contenidors\" \/>\n<meta property=\"og:url\" content=\"https:\/\/fornoscontenidors.com\/es\/desamiantado\/roquetes\/\" \/>\n<meta property=\"og:site_name\" content=\"Fornos Contenidors\" \/>\n<meta property=\"article:publisher\" content=\"https:\/\/www.facebook.com\/FornosContenidorsSL\" \/>\n<meta property=\"article:modified_time\" content=\"2019-01-04T12:47:51+00:00\" \/>\n<meta name=\"twitter:card\" content=\"summary_large_image\" \/>\n<meta name=\"twitter:label1\" content=\"Tiempo de lectura\" \/>\n\t<meta name=\"twitter:data1\" content=\"1 minuto\" \/>\n<script type=\"application\/ld+json\" class=\"yoast-schema-graph\">{\"@context\":\"https:\/\/schema.org\",\"@graph\":[{\"@type\":\"Organization\",\"@id\":\"https:\/\/fornoscontenidors.com\/es\/#organization\",\"name\":\"Fornos Contenidors\",\"url\":\"https:\/\/fornoscontenidors.com\/es\/\",\"sameAs\":[\"https:\/\/www.facebook.com\/FornosContenidorsSL\"],\"logo\":{\"@type\":\"ImageObject\",\"@id\":\"https:\/\/fornoscontenidors.com\/es\/#logo\",\"inLanguage\":\"es\",\"url\":\"https:\/\/fornoscontenidors.com\/wp-content\/uploads\/2018\/11\/Fornos_Logo_2T_2018.svg\",\"contentUrl\":\"https:\/\/fornoscontenidors.com\/wp-content\/uploads\/2018\/11\/Fornos_Logo_2T_2018.svg\",\"caption\":\"Fornos Contenidors\"},\"image\":{\"@id\":\"https:\/\/fornoscontenidors.com\/es\/#logo\"}},{\"@type\":\"WebSite\",\"@id\":\"https:\/\/fornoscontenidors.com\/es\/#website\",\"url\":\"https:\/\/fornoscontenidors.com\/es\/\",\"name\":\"Fornos Contenidors\",\"description\":\"Lloguer de contenidors al Baix Ebre\",\"publisher\":{\"@id\":\"https:\/\/fornoscontenidors.com\/es\/#organization\"},\"potentialAction\":[{\"@type\":\"SearchAction\",\"target\":{\"@type\":\"EntryPoint\",\"urlTemplate\":\"https:\/\/fornoscontenidors.com\/es\/?s={search_term_string}\"},\"query-input\":\"required name=search_term_string\"}],\"inLanguage\":\"es\"},{\"@type\":\"WebPage\",\"@id\":\"https:\/\/fornoscontenidors.com\/es\/desamiantado\/roquetes\/#webpage\",\"url\":\"https:\/\/fornoscontenidors.com\/es\/desamiantado\/roquetes\/\",\"name\":\"Servicio de retirada de amianto en Roquetes - Fornos Contenidors\",\"isPartOf\":{\"@id\":\"https:\/\/fornoscontenidors.com\/es\/#website\"},\"datePublished\":\"2019-01-04T12:47:49+00:00\",\"dateModified\":\"2019-01-04T12:47:51+00:00\",\"description\":\"Gestor de residuos autorizado. Servicio de desamiantado en Roquetes . Servicio seguro y eficiente. - Fornos Contenidors\",\"breadcrumb\":{\"@id\":\"https:\/\/fornoscontenidors.com\/es\/desamiantado\/roquetes\/#breadcrumb\"},\"inLanguage\":\"es\",\"potentialAction\":[{\"@type\":\"ReadAction\",\"target\":[\"https:\/\/fornoscontenidors.com\/es\/desamiantado\/roquetes\/\"]}]},{\"@type\":\"BreadcrumbList\",\"@id\":\"https:\/\/fornoscontenidors.com\/es\/desamiantado\/roquetes\/#breadcrumb\",\"itemListElement\":[{\"@type\":\"ListItem\",\"position\":1,\"name\":\"Portada\",\"item\":\"https:\/\/fornoscontenidors.com\/es\/\"},{\"@type\":\"ListItem\",\"position\":2,\"name\":\"Desamiantado\",\"item\":\"https:\/\/fornoscontenidors.com\/es\/desamiantado\/\"},{\"@type\":\"ListItem\",\"position\":3,\"name\":\"Servicio de desamiantado en Roquetes\"}]}]}<\/script>\n<!-- \/ Yoast SEO plugin. -->","yoast_head_json":{"title":"Servicio de retirada de amianto en Roquetes - Fornos Contenidors","description":"Gestor de residuos autorizado. Servicio de desamiantado en Roquetes . Servicio seguro y eficiente. - Fornos Contenidors","robots":{"index":"index","follow":"follow","max-snippet":"max-snippet:-1","max-image-preview":"max-image-preview:large","max-video-preview":"max-video-preview:-1"},"canonical":"https:\/\/fornoscontenidors.com\/es\/desamiantado\/roquetes\/","og_locale":"es_ES","og_type":"article","og_title":"Servicio de retirada de amianto en Roquetes - Fornos Contenidors","og_description":"Gestor de residuos autorizado. Servicio de desamiantado en Roquetes . Servicio seguro y eficiente. - Fornos Contenidors","og_url":"https:\/\/fornoscontenidors.com\/es\/desamiantado\/roquetes\/","og_site_name":"Fornos Contenidors","article_publisher":"https:\/\/www.facebook.com\/FornosContenidorsSL","article_modified_time":"2019-01-04T12:47:51+00:00","twitter_card":"summary_large_image","twitter_misc":{"Tiempo de lectura":"1 minuto"},"schema":{"@context":"https:\/\/schema.org","@graph":[{"@type":"Organization","@id":"https:\/\/fornoscontenidors.com\/es\/#organization","name":"Fornos Contenidors","url":"https:\/\/fornoscontenidors.com\/es\/","sameAs":["https:\/\/www.facebook.com\/FornosContenidorsSL"],"logo":{"@type":"ImageObject","@id":"https:\/\/fornoscontenidors.com\/es\/#logo","inLanguage":"es","url":"https:\/\/fornoscontenidors.com\/wp-content\/uploads\/2018\/11\/Fornos_Logo_2T_2018.svg","contentUrl":"https:\/\/fornoscontenidors.com\/wp-content\/uploads\/2018\/11\/Fornos_Logo_2T_2018.svg","caption":"Fornos Contenidors"},"image":{"@id":"https:\/\/fornoscontenidors.com\/es\/#logo"}},{"@type":"WebSite","@id":"https:\/\/fornoscontenidors.com\/es\/#website","url":"https:\/\/fornoscontenidors.com\/es\/","name":"Fornos Contenidors","description":"Lloguer de contenidors al Baix Ebre","publisher":{"@id":"https:\/\/fornoscontenidors.com\/es\/#organization"},"potentialAction":[{"@type":"SearchAction","target":{"@type":"EntryPoint","urlTemplate":"https:\/\/fornoscontenidors.com\/es\/?s={search_term_string}"},"query-input":"required name=search_term_string"}],"inLanguage":"es"},{"@type":"WebPage","@id":"https:\/\/fornoscontenidors.com\/es\/desamiantado\/roquetes\/#webpage","url":"https:\/\/fornoscontenidors.com\/es\/desamiantado\/roquetes\/","name":"Servicio de retirada de amianto en Roquetes - Fornos Contenidors","isPartOf":{"@id":"https:\/\/fornoscontenidors.com\/es\/#website"},"datePublished":"2019-01-04T12:47:49+00:00","dateModified":"2019-01-04T12:47:51+00:00","description":"Gestor de residuos autorizado. Servicio de desamiantado en Roquetes . Servicio seguro y eficiente. - Fornos Contenidors","breadcrumb":{"@id":"https:\/\/fornoscontenidors.com\/es\/desamiantado\/roquetes\/#breadcrumb"},"inLanguage":"es","potentialAction":[{"@type":"ReadAction","target":["https:\/\/fornoscontenidors.com\/es\/desamiantado\/roquetes\/"]}]},{"@type":"BreadcrumbList","@id":"https:\/\/fornoscontenidors.com\/es\/desamiantado\/roquetes\/#breadcrumb","itemListElement":[{"@type":"ListItem","position":1,"name":"Portada","item":"https:\/\/fornoscontenidors.com\/es\/"},{"@type":"ListItem","position":2,"name":"Desamiantado","item":"https:\/\/fornoscontenidors.com\/es\/desamiantado\/"},{"@type":"ListItem","position":3,"name":"Servicio de desamiantado en Roquetes"}]}]}},"_links":{"self":[{"href":"https:\/\/fornoscontenidors.com\/es\/wp-json\/wp\/v2\/pages\/570"}],"collection":[{"href":"https:\/\/fornoscontenidors.com\/es\/wp-json\/wp\/v2\/pages"}],"about":[{"href":"https:\/\/fornoscontenidors.com\/es\/wp-json\/wp\/v2\/types\/page"}],"author":[{"embeddable":true,"href":"https:\/\/fornoscontenidors.com\/es\/wp-json\/wp\/v2\/users\/1"}],"replies":[{"embeddable":true,"href":"https:\/\/fornoscontenidors.com\/es\/wp-json\/wp\/v2\/comments?post=570"}],"version-history":[{"count":2,"href":"https:\/\/fornoscontenidors.com\/es\/wp-json\/wp\/v2\/pages\/570\/revisions"}],"predecessor-version":[{"id":695,"href":"https:\/\/fornoscontenidors.com\/es\/wp-json\/wp\/v2\/pages\/570\/revisions\/695"}],"up":[{"embeddable":true,"href":"https:\/\/fornoscontenidors.com\/es\/wp-json\/wp\/v2\/pages\/395"}],"wp:attachment":[{"href":"https:\/\/fornoscontenidors.com\/es\/wp-json\/wp\/v2\/media?parent=570"}],"curies":[{"name":"wp","href":"https:\/\/api.w.org\/{rel}","templated":true}]}}