{"id":598,"date":"2019-01-04T12:47:57","date_gmt":"2019-01-04T12:47:57","guid":{"rendered":"https:\/\/fornoscontenidors.com\/desamiantado\/mora-d-ebre\/"},"modified":"2019-01-04T12:47:57","modified_gmt":"2019-01-04T12:47:57","slug":"mora-d-ebre","status":"publish","type":"page","link":"https:\/\/fornoscontenidors.com\/es\/desamiantado\/mora-d-ebre\/","title":{"rendered":"Servicio de desamiantado en M\u00f3ra d&#8217;Ebre"},"content":{"rendered":"<p>El amianto o asbesto, tambi\u00e9n conocido como uralita, es un grupo de minerales metam\u00f3rficos fibrosos; un material de construcci\u00f3n considerado como t\u00f3xico. En Espa\u00f1a fue prohibido en 2002 pero todav\u00eda hoy hay construcciones que contienen este tipo de material.  Al ser un material t\u00f3xico es imprescindible que la extracci\u00f3n del amianto se realice con una empresa autorizada y especializada.<\/p>\n<p> Los inmuebles construidos en los a\u00f1os 60 y 80 hay una gran posibilidad que haya contenido de amianto en lugares como dep\u00f3sitos de agua, baldosas o tejas de recubrimiento de tejados. <\/p>\n<p> La gesti\u00f3n de residuos de amianto es necesario que se lleve a cabo por una empresa inscrita en el Registro de Empresas con Riesgo de Amianto (RERA) a causa de sus efectos perjudiciales.  <\/p>\n<p> En Fornos Contenidors estamos inscritos en el RERA y estamos autorizados para gestionar el servicio de desamiantado en M\u00f3ra d&#8217;Ebre, cumpliendo con la seguridad y responsabilidad necesarias. Nos hacemos cargo de todo el proceso: desde el asesoramiento hasta el desmontaje y tratamiento del amianto.  <\/p>\n<h2>Otras localidades donde ofrecemos nuestros servicios de desamiantado<\/h2>\n<div class=\"col-md-4\">\n<ul>\n<li> <a href='https:\/\/fornoscontenidors.com\/es\/desamiantado\/la-senia'>La S\u00e9nia<\/a><\/li>\n<li> <a href='https:\/\/fornoscontenidors.com\/es\/desamiantado\/gandesa'>Gandesa<\/a><\/li>\n<li> <a href='https:\/\/fornoscontenidors.com\/es\/desamiantado\/la-palma-d-ebre'>La Palma d&#8217;Ebre<\/a><\/li>\n<li> <a href='https:\/\/fornoscontenidors.com\/es\/desamiantado\/bot'>Bot<\/a><\/li>\n<\/ul>\n<\/div>\n<div class=\"col-md-4\">\n<ul>\n<li> <a href='https:\/\/fornoscontenidors.com\/es\/desamiantado\/deltebre'>Deltebre<\/a><\/li>\n<li> <a href='https:\/\/fornoscontenidors.com\/es\/desamiantado\/vinebre'>Vinebre<\/a><\/li>\n<li> <a href='https:\/\/fornoscontenidors.com\/es\/desamiantado\/tortosa'>Tortosa<\/a><\/li>\n<li> <a href='https:\/\/fornoscontenidors.com\/es\/desamiantado\/la-fatarella'>La Fatarella<\/a><\/li>\n<\/ul>\n<\/div>\n<div class=\"col-md-4\">\n<ul>\n<li> <a href='https:\/\/fornoscontenidors.com\/es\/desamiantado\/tivenys'>Tivenys<\/a><\/li>\n<li> <a href='https:\/\/fornoscontenidors.com\/es\/desamiantado\/arnes'>Arnes<\/a><\/li>\n<li> <a href='https:\/\/fornoscontenidors.com\/es\/desamiantado\/miravet'>Miravet<\/a><\/li>\n<li> <a href='https:\/\/fornoscontenidors.com\/es\/desamiantado\/xerta'>Xerta<\/a><\/li>\n<\/ul>\n<\/div>\n<div class=\"clearfix\"><\/div>\n","protected":false},"excerpt":{"rendered":"<p>El amianto o asbesto, tambi\u00e9n conocido como uralita, es un grupo de minerales metam\u00f3rficos fibrosos; un material de construcci\u00f3n considerado como t\u00f3xico. En Espa\u00f1a fue prohibido en 2002 pero todav\u00eda hoy hay construcciones que contienen este tipo de material. Al ser un material t\u00f3xico es imprescindible que la extracci\u00f3n del amianto se realice con una [&hellip;]<\/p>\n","protected":false},"author":1,"featured_media":0,"parent":395,"menu_order":0,"comment_status":"open","ping_status":"open","template":"page-seo.php","meta":{"inline_featured_image":false,"_exactmetrics_skip_tracking":false,"_exactmetrics_sitenote_active":false,"_exactmetrics_sitenote_note":"","_exactmetrics_sitenote_category":0},"yoast_head":"<!-- This site is optimized with the Yoast SEO plugin v17.1 - https:\/\/yoast.com\/wordpress\/plugins\/seo\/ -->\n<title>Servicio de retirada de amianto en M\u00f3ra d&#039;Ebre - Fornos Contenidors<\/title>\n<meta name=\"description\" content=\"Gestor de residuos autorizado. Servicio de desamiantado en M\u00f3ra d&#039;Ebre. Servicio seguro y eficiente. - Fornos Contenidors\" \/>\n<meta name=\"robots\" content=\"index, follow, max-snippet:-1, max-image-preview:large, max-video-preview:-1\" \/>\n<link rel=\"canonical\" href=\"https:\/\/fornoscontenidors.com\/es\/desamiantado\/mora-d-ebre\/\" \/>\n<meta property=\"og:locale\" content=\"es_ES\" \/>\n<meta property=\"og:type\" content=\"article\" \/>\n<meta property=\"og:title\" content=\"Servicio de retirada de amianto en M\u00f3ra d&#039;Ebre - Fornos Contenidors\" \/>\n<meta property=\"og:description\" content=\"Gestor de residuos autorizado. Servicio de desamiantado en M\u00f3ra d&#039;Ebre. Servicio seguro y eficiente. - Fornos Contenidors\" \/>\n<meta property=\"og:url\" content=\"https:\/\/fornoscontenidors.com\/es\/desamiantado\/mora-d-ebre\/\" \/>\n<meta property=\"og:site_name\" content=\"Fornos Contenidors\" \/>\n<meta property=\"article:publisher\" content=\"https:\/\/www.facebook.com\/FornosContenidorsSL\" \/>\n<meta name=\"twitter:card\" content=\"summary_large_image\" \/>\n<meta name=\"twitter:label1\" content=\"Tiempo de lectura\" \/>\n\t<meta name=\"twitter:data1\" content=\"1 minuto\" \/>\n<script type=\"application\/ld+json\" class=\"yoast-schema-graph\">{\"@context\":\"https:\/\/schema.org\",\"@graph\":[{\"@type\":\"Organization\",\"@id\":\"https:\/\/fornoscontenidors.com\/es\/#organization\",\"name\":\"Fornos Contenidors\",\"url\":\"https:\/\/fornoscontenidors.com\/es\/\",\"sameAs\":[\"https:\/\/www.facebook.com\/FornosContenidorsSL\"],\"logo\":{\"@type\":\"ImageObject\",\"@id\":\"https:\/\/fornoscontenidors.com\/es\/#logo\",\"inLanguage\":\"es\",\"url\":\"https:\/\/fornoscontenidors.com\/wp-content\/uploads\/2018\/11\/Fornos_Logo_2T_2018.svg\",\"contentUrl\":\"https:\/\/fornoscontenidors.com\/wp-content\/uploads\/2018\/11\/Fornos_Logo_2T_2018.svg\",\"caption\":\"Fornos Contenidors\"},\"image\":{\"@id\":\"https:\/\/fornoscontenidors.com\/es\/#logo\"}},{\"@type\":\"WebSite\",\"@id\":\"https:\/\/fornoscontenidors.com\/es\/#website\",\"url\":\"https:\/\/fornoscontenidors.com\/es\/\",\"name\":\"Fornos Contenidors\",\"description\":\"Lloguer de contenidors al Baix Ebre\",\"publisher\":{\"@id\":\"https:\/\/fornoscontenidors.com\/es\/#organization\"},\"potentialAction\":[{\"@type\":\"SearchAction\",\"target\":{\"@type\":\"EntryPoint\",\"urlTemplate\":\"https:\/\/fornoscontenidors.com\/es\/?s={search_term_string}\"},\"query-input\":\"required name=search_term_string\"}],\"inLanguage\":\"es\"},{\"@type\":\"WebPage\",\"@id\":\"https:\/\/fornoscontenidors.com\/es\/desamiantado\/mora-d-ebre\/#webpage\",\"url\":\"https:\/\/fornoscontenidors.com\/es\/desamiantado\/mora-d-ebre\/\",\"name\":\"Servicio de retirada de amianto en M\\u00f3ra d'Ebre - Fornos Contenidors\",\"isPartOf\":{\"@id\":\"https:\/\/fornoscontenidors.com\/es\/#website\"},\"datePublished\":\"2019-01-04T12:47:57+00:00\",\"dateModified\":\"2019-01-04T12:47:57+00:00\",\"description\":\"Gestor de residuos autorizado. Servicio de desamiantado en M\\u00f3ra d'Ebre. Servicio seguro y eficiente. - Fornos Contenidors\",\"breadcrumb\":{\"@id\":\"https:\/\/fornoscontenidors.com\/es\/desamiantado\/mora-d-ebre\/#breadcrumb\"},\"inLanguage\":\"es\",\"potentialAction\":[{\"@type\":\"ReadAction\",\"target\":[\"https:\/\/fornoscontenidors.com\/es\/desamiantado\/mora-d-ebre\/\"]}]},{\"@type\":\"BreadcrumbList\",\"@id\":\"https:\/\/fornoscontenidors.com\/es\/desamiantado\/mora-d-ebre\/#breadcrumb\",\"itemListElement\":[{\"@type\":\"ListItem\",\"position\":1,\"name\":\"Portada\",\"item\":\"https:\/\/fornoscontenidors.com\/es\/\"},{\"@type\":\"ListItem\",\"position\":2,\"name\":\"Desamiantado\",\"item\":\"https:\/\/fornoscontenidors.com\/es\/desamiantado\/\"},{\"@type\":\"ListItem\",\"position\":3,\"name\":\"Servicio de desamiantado en M\\u00f3ra d&#8217;Ebre\"}]}]}<\/script>\n<!-- \/ Yoast SEO plugin. -->","yoast_head_json":{"title":"Servicio de retirada de amianto en M\u00f3ra d'Ebre - Fornos Contenidors","description":"Gestor de residuos autorizado. Servicio de desamiantado en M\u00f3ra d'Ebre. Servicio seguro y eficiente. - Fornos Contenidors","robots":{"index":"index","follow":"follow","max-snippet":"max-snippet:-1","max-image-preview":"max-image-preview:large","max-video-preview":"max-video-preview:-1"},"canonical":"https:\/\/fornoscontenidors.com\/es\/desamiantado\/mora-d-ebre\/","og_locale":"es_ES","og_type":"article","og_title":"Servicio de retirada de amianto en M\u00f3ra d'Ebre - Fornos Contenidors","og_description":"Gestor de residuos autorizado. Servicio de desamiantado en M\u00f3ra d'Ebre. Servicio seguro y eficiente. - Fornos Contenidors","og_url":"https:\/\/fornoscontenidors.com\/es\/desamiantado\/mora-d-ebre\/","og_site_name":"Fornos Contenidors","article_publisher":"https:\/\/www.facebook.com\/FornosContenidorsSL","twitter_card":"summary_large_image","twitter_misc":{"Tiempo de lectura":"1 minuto"},"schema":{"@context":"https:\/\/schema.org","@graph":[{"@type":"Organization","@id":"https:\/\/fornoscontenidors.com\/es\/#organization","name":"Fornos Contenidors","url":"https:\/\/fornoscontenidors.com\/es\/","sameAs":["https:\/\/www.facebook.com\/FornosContenidorsSL"],"logo":{"@type":"ImageObject","@id":"https:\/\/fornoscontenidors.com\/es\/#logo","inLanguage":"es","url":"https:\/\/fornoscontenidors.com\/wp-content\/uploads\/2018\/11\/Fornos_Logo_2T_2018.svg","contentUrl":"https:\/\/fornoscontenidors.com\/wp-content\/uploads\/2018\/11\/Fornos_Logo_2T_2018.svg","caption":"Fornos Contenidors"},"image":{"@id":"https:\/\/fornoscontenidors.com\/es\/#logo"}},{"@type":"WebSite","@id":"https:\/\/fornoscontenidors.com\/es\/#website","url":"https:\/\/fornoscontenidors.com\/es\/","name":"Fornos Contenidors","description":"Lloguer de contenidors al Baix Ebre","publisher":{"@id":"https:\/\/fornoscontenidors.com\/es\/#organization"},"potentialAction":[{"@type":"SearchAction","target":{"@type":"EntryPoint","urlTemplate":"https:\/\/fornoscontenidors.com\/es\/?s={search_term_string}"},"query-input":"required name=search_term_string"}],"inLanguage":"es"},{"@type":"WebPage","@id":"https:\/\/fornoscontenidors.com\/es\/desamiantado\/mora-d-ebre\/#webpage","url":"https:\/\/fornoscontenidors.com\/es\/desamiantado\/mora-d-ebre\/","name":"Servicio de retirada de amianto en M\u00f3ra d'Ebre - Fornos Contenidors","isPartOf":{"@id":"https:\/\/fornoscontenidors.com\/es\/#website"},"datePublished":"2019-01-04T12:47:57+00:00","dateModified":"2019-01-04T12:47:57+00:00","description":"Gestor de residuos autorizado. Servicio de desamiantado en M\u00f3ra d'Ebre. Servicio seguro y eficiente. - Fornos Contenidors","breadcrumb":{"@id":"https:\/\/fornoscontenidors.com\/es\/desamiantado\/mora-d-ebre\/#breadcrumb"},"inLanguage":"es","potentialAction":[{"@type":"ReadAction","target":["https:\/\/fornoscontenidors.com\/es\/desamiantado\/mora-d-ebre\/"]}]},{"@type":"BreadcrumbList","@id":"https:\/\/fornoscontenidors.com\/es\/desamiantado\/mora-d-ebre\/#breadcrumb","itemListElement":[{"@type":"ListItem","position":1,"name":"Portada","item":"https:\/\/fornoscontenidors.com\/es\/"},{"@type":"ListItem","position":2,"name":"Desamiantado","item":"https:\/\/fornoscontenidors.com\/es\/desamiantado\/"},{"@type":"ListItem","position":3,"name":"Servicio de desamiantado en M\u00f3ra d&#8217;Ebre"}]}]}},"_links":{"self":[{"href":"https:\/\/fornoscontenidors.com\/es\/wp-json\/wp\/v2\/pages\/598"}],"collection":[{"href":"https:\/\/fornoscontenidors.com\/es\/wp-json\/wp\/v2\/pages"}],"about":[{"href":"https:\/\/fornoscontenidors.com\/es\/wp-json\/wp\/v2\/types\/page"}],"author":[{"embeddable":true,"href":"https:\/\/fornoscontenidors.com\/es\/wp-json\/wp\/v2\/users\/1"}],"replies":[{"embeddable":true,"href":"https:\/\/fornoscontenidors.com\/es\/wp-json\/wp\/v2\/comments?post=598"}],"version-history":[{"count":2,"href":"https:\/\/fornoscontenidors.com\/es\/wp-json\/wp\/v2\/pages\/598\/revisions"}],"predecessor-version":[{"id":709,"href":"https:\/\/fornoscontenidors.com\/es\/wp-json\/wp\/v2\/pages\/598\/revisions\/709"}],"up":[{"embeddable":true,"href":"https:\/\/fornoscontenidors.com\/es\/wp-json\/wp\/v2\/pages\/395"}],"wp:attachment":[{"href":"https:\/\/fornoscontenidors.com\/es\/wp-json\/wp\/v2\/media?parent=598"}],"curies":[{"name":"wp","href":"https:\/\/api.w.org\/{rel}","templated":true}]}}