{"id":604,"date":"2019-01-04T12:47:57","date_gmt":"2019-01-04T12:47:57","guid":{"rendered":"https:\/\/fornoscontenidors.com\/desamiantado\/la-torre-de-espanyol\/"},"modified":"2019-01-04T12:47:58","modified_gmt":"2019-01-04T12:47:58","slug":"la-torre-de-espanyol","status":"publish","type":"page","link":"https:\/\/fornoscontenidors.com\/es\/desamiantado\/la-torre-de-espanyol\/","title":{"rendered":"Servicio de desamiantado en La Torre de l&#8217;Espanyol"},"content":{"rendered":"<p>El amianto, conocido tambi\u00e9n como uralita, es un mineral que se presenta en forma de fibras flexibles; un material de construcci\u00f3n considerado como t\u00f3xico. A principios de la d\u00e9cada de 2000 empez\u00f3 a prohibirse en muchos pa\u00edses, inclu\u00eddo Espa\u00f1a pero todav\u00eda en la actualidad  existen construcciones que contienen este material.  Al ser un material t\u00f3xico es necesario que la gesti\u00f3n del amianto se ejecute con una empresa autorizada.<\/p>\n<p> A causa de sus efectos perjudiciales es indispensable que la manipulaci\u00f3n del amianto se lleve a cabo con una empresa autorizada.  <\/p>\n<p> En Fornos Contenidors estamos inscritos en el RERA y estamos autorizados para llevar a cabo el servicio de desamiantado en La Torre de l&#8217;Espanyol, cumpliendo con la seguridad y responsabilidad indispensables. Nos hacemos cargo de todo el procedimiento: desde el asesoramiento hasta la extracci\u00f3n y tratamiento del amianto.  <\/p>\n<h2>Otras localidades donde ofrecemos nuestros servicios de desamiantado<\/h2>\n<div class=\"col-md-4\">\n<ul>\n<li> <a href='https:\/\/fornoscontenidors.com\/es\/desamiantado\/garcia'>Garcia<\/a><\/li>\n<li> <a href='https:\/\/fornoscontenidors.com\/es\/desamiantado\/poblenou-del-delta'>Poblenou del Delta<\/a><\/li>\n<li> <a href='https:\/\/fornoscontenidors.com\/es\/desamiantado\/amposta'>Amposta<\/a><\/li>\n<li> <a href='https:\/\/fornoscontenidors.com\/es\/desamiantado\/la-palma-d-ebre'>La Palma d&#8217;Ebre<\/a><\/li>\n<\/ul>\n<\/div>\n<div class=\"col-md-4\">\n<ul>\n<li> <a href='https:\/\/fornoscontenidors.com\/es\/desamiantado\/freginals'>Freginals<\/a><\/li>\n<li> <a href='https:\/\/fornoscontenidors.com\/es\/desamiantado\/tortosa'>Tortosa<\/a><\/li>\n<li> <a href='https:\/\/fornoscontenidors.com\/es\/desamiantado\/el-pinell-de-brai'>El Pinell de Brai<\/a><\/li>\n<li> <a href='https:\/\/fornoscontenidors.com\/es\/desamiantado\/flix'>Flix<\/a><\/li>\n<\/ul>\n<\/div>\n<div class=\"col-md-4\">\n<ul>\n<li> <a href='https:\/\/fornoscontenidors.com\/es\/desamiantado\/caseres'>Caseres<\/a><\/li>\n<li> <a href='https:\/\/fornoscontenidors.com\/es\/desamiantado\/rasquera'>Rasquera<\/a><\/li>\n<li> <a href='https:\/\/fornoscontenidors.com\/es\/desamiantado\/roquetes'>Roquetes<\/a><\/li>\n<li> <a href='https:\/\/fornoscontenidors.com\/es\/desamiantado\/santa-barbara'>Santa B\u00e0rbara<\/a><\/li>\n<\/ul>\n<\/div>\n<div class=\"clearfix\"><\/div>\n","protected":false},"excerpt":{"rendered":"<p>El amianto, conocido tambi\u00e9n como uralita, es un mineral que se presenta en forma de fibras flexibles; un material de construcci\u00f3n considerado como t\u00f3xico. A principios de la d\u00e9cada de 2000 empez\u00f3 a prohibirse en muchos pa\u00edses, inclu\u00eddo Espa\u00f1a pero todav\u00eda en la actualidad existen construcciones que contienen este material. Al ser un material t\u00f3xico [&hellip;]<\/p>\n","protected":false},"author":1,"featured_media":0,"parent":395,"menu_order":0,"comment_status":"open","ping_status":"open","template":"page-seo.php","meta":{"inline_featured_image":false,"_exactmetrics_skip_tracking":false,"_exactmetrics_sitenote_active":false,"_exactmetrics_sitenote_note":"","_exactmetrics_sitenote_category":0},"yoast_head":"<!-- This site is optimized with the Yoast SEO plugin v17.1 - https:\/\/yoast.com\/wordpress\/plugins\/seo\/ -->\n<title>Servicio de retirada de amianto en La Torre de l&#039;Espanyol - Fornos Contenidors<\/title>\n<meta name=\"description\" content=\"Gestor de residuos autorizado. Servicio de desamiantado en La Torre de l&#039;Espanyol . Servicio seguro y eficiente. - Fornos Contenidors\" \/>\n<meta name=\"robots\" content=\"index, follow, max-snippet:-1, max-image-preview:large, max-video-preview:-1\" \/>\n<link rel=\"canonical\" href=\"https:\/\/fornoscontenidors.com\/es\/desamiantado\/la-torre-de-espanyol\/\" \/>\n<meta property=\"og:locale\" content=\"es_ES\" \/>\n<meta property=\"og:type\" content=\"article\" \/>\n<meta property=\"og:title\" content=\"Servicio de retirada de amianto en La Torre de l&#039;Espanyol - Fornos Contenidors\" \/>\n<meta property=\"og:description\" content=\"Gestor de residuos autorizado. Servicio de desamiantado en La Torre de l&#039;Espanyol . Servicio seguro y eficiente. - Fornos Contenidors\" \/>\n<meta property=\"og:url\" content=\"https:\/\/fornoscontenidors.com\/es\/desamiantado\/la-torre-de-espanyol\/\" \/>\n<meta property=\"og:site_name\" content=\"Fornos Contenidors\" \/>\n<meta property=\"article:publisher\" content=\"https:\/\/www.facebook.com\/FornosContenidorsSL\" \/>\n<meta property=\"article:modified_time\" content=\"2019-01-04T12:47:58+00:00\" \/>\n<meta name=\"twitter:card\" content=\"summary_large_image\" \/>\n<meta name=\"twitter:label1\" content=\"Tiempo de lectura\" \/>\n\t<meta name=\"twitter:data1\" content=\"1 minuto\" \/>\n<script type=\"application\/ld+json\" class=\"yoast-schema-graph\">{\"@context\":\"https:\/\/schema.org\",\"@graph\":[{\"@type\":\"Organization\",\"@id\":\"https:\/\/fornoscontenidors.com\/es\/#organization\",\"name\":\"Fornos Contenidors\",\"url\":\"https:\/\/fornoscontenidors.com\/es\/\",\"sameAs\":[\"https:\/\/www.facebook.com\/FornosContenidorsSL\"],\"logo\":{\"@type\":\"ImageObject\",\"@id\":\"https:\/\/fornoscontenidors.com\/es\/#logo\",\"inLanguage\":\"es\",\"url\":\"https:\/\/fornoscontenidors.com\/wp-content\/uploads\/2018\/11\/Fornos_Logo_2T_2018.svg\",\"contentUrl\":\"https:\/\/fornoscontenidors.com\/wp-content\/uploads\/2018\/11\/Fornos_Logo_2T_2018.svg\",\"caption\":\"Fornos Contenidors\"},\"image\":{\"@id\":\"https:\/\/fornoscontenidors.com\/es\/#logo\"}},{\"@type\":\"WebSite\",\"@id\":\"https:\/\/fornoscontenidors.com\/es\/#website\",\"url\":\"https:\/\/fornoscontenidors.com\/es\/\",\"name\":\"Fornos Contenidors\",\"description\":\"Lloguer de contenidors al Baix Ebre\",\"publisher\":{\"@id\":\"https:\/\/fornoscontenidors.com\/es\/#organization\"},\"potentialAction\":[{\"@type\":\"SearchAction\",\"target\":{\"@type\":\"EntryPoint\",\"urlTemplate\":\"https:\/\/fornoscontenidors.com\/es\/?s={search_term_string}\"},\"query-input\":\"required name=search_term_string\"}],\"inLanguage\":\"es\"},{\"@type\":\"WebPage\",\"@id\":\"https:\/\/fornoscontenidors.com\/es\/desamiantado\/la-torre-de-espanyol\/#webpage\",\"url\":\"https:\/\/fornoscontenidors.com\/es\/desamiantado\/la-torre-de-espanyol\/\",\"name\":\"Servicio de retirada de amianto en La Torre de l'Espanyol - Fornos Contenidors\",\"isPartOf\":{\"@id\":\"https:\/\/fornoscontenidors.com\/es\/#website\"},\"datePublished\":\"2019-01-04T12:47:57+00:00\",\"dateModified\":\"2019-01-04T12:47:58+00:00\",\"description\":\"Gestor de residuos autorizado. Servicio de desamiantado en La Torre de l'Espanyol . Servicio seguro y eficiente. - Fornos Contenidors\",\"breadcrumb\":{\"@id\":\"https:\/\/fornoscontenidors.com\/es\/desamiantado\/la-torre-de-espanyol\/#breadcrumb\"},\"inLanguage\":\"es\",\"potentialAction\":[{\"@type\":\"ReadAction\",\"target\":[\"https:\/\/fornoscontenidors.com\/es\/desamiantado\/la-torre-de-espanyol\/\"]}]},{\"@type\":\"BreadcrumbList\",\"@id\":\"https:\/\/fornoscontenidors.com\/es\/desamiantado\/la-torre-de-espanyol\/#breadcrumb\",\"itemListElement\":[{\"@type\":\"ListItem\",\"position\":1,\"name\":\"Portada\",\"item\":\"https:\/\/fornoscontenidors.com\/es\/\"},{\"@type\":\"ListItem\",\"position\":2,\"name\":\"Desamiantado\",\"item\":\"https:\/\/fornoscontenidors.com\/es\/desamiantado\/\"},{\"@type\":\"ListItem\",\"position\":3,\"name\":\"Servicio de desamiantado en La Torre de l&#8217;Espanyol\"}]}]}<\/script>\n<!-- \/ Yoast SEO plugin. -->","yoast_head_json":{"title":"Servicio de retirada de amianto en La Torre de l'Espanyol - Fornos Contenidors","description":"Gestor de residuos autorizado. Servicio de desamiantado en La Torre de l'Espanyol . Servicio seguro y eficiente. - Fornos Contenidors","robots":{"index":"index","follow":"follow","max-snippet":"max-snippet:-1","max-image-preview":"max-image-preview:large","max-video-preview":"max-video-preview:-1"},"canonical":"https:\/\/fornoscontenidors.com\/es\/desamiantado\/la-torre-de-espanyol\/","og_locale":"es_ES","og_type":"article","og_title":"Servicio de retirada de amianto en La Torre de l'Espanyol - Fornos Contenidors","og_description":"Gestor de residuos autorizado. Servicio de desamiantado en La Torre de l'Espanyol . Servicio seguro y eficiente. - Fornos Contenidors","og_url":"https:\/\/fornoscontenidors.com\/es\/desamiantado\/la-torre-de-espanyol\/","og_site_name":"Fornos Contenidors","article_publisher":"https:\/\/www.facebook.com\/FornosContenidorsSL","article_modified_time":"2019-01-04T12:47:58+00:00","twitter_card":"summary_large_image","twitter_misc":{"Tiempo de lectura":"1 minuto"},"schema":{"@context":"https:\/\/schema.org","@graph":[{"@type":"Organization","@id":"https:\/\/fornoscontenidors.com\/es\/#organization","name":"Fornos Contenidors","url":"https:\/\/fornoscontenidors.com\/es\/","sameAs":["https:\/\/www.facebook.com\/FornosContenidorsSL"],"logo":{"@type":"ImageObject","@id":"https:\/\/fornoscontenidors.com\/es\/#logo","inLanguage":"es","url":"https:\/\/fornoscontenidors.com\/wp-content\/uploads\/2018\/11\/Fornos_Logo_2T_2018.svg","contentUrl":"https:\/\/fornoscontenidors.com\/wp-content\/uploads\/2018\/11\/Fornos_Logo_2T_2018.svg","caption":"Fornos Contenidors"},"image":{"@id":"https:\/\/fornoscontenidors.com\/es\/#logo"}},{"@type":"WebSite","@id":"https:\/\/fornoscontenidors.com\/es\/#website","url":"https:\/\/fornoscontenidors.com\/es\/","name":"Fornos Contenidors","description":"Lloguer de contenidors al Baix Ebre","publisher":{"@id":"https:\/\/fornoscontenidors.com\/es\/#organization"},"potentialAction":[{"@type":"SearchAction","target":{"@type":"EntryPoint","urlTemplate":"https:\/\/fornoscontenidors.com\/es\/?s={search_term_string}"},"query-input":"required name=search_term_string"}],"inLanguage":"es"},{"@type":"WebPage","@id":"https:\/\/fornoscontenidors.com\/es\/desamiantado\/la-torre-de-espanyol\/#webpage","url":"https:\/\/fornoscontenidors.com\/es\/desamiantado\/la-torre-de-espanyol\/","name":"Servicio de retirada de amianto en La Torre de l'Espanyol - Fornos Contenidors","isPartOf":{"@id":"https:\/\/fornoscontenidors.com\/es\/#website"},"datePublished":"2019-01-04T12:47:57+00:00","dateModified":"2019-01-04T12:47:58+00:00","description":"Gestor de residuos autorizado. Servicio de desamiantado en La Torre de l'Espanyol . Servicio seguro y eficiente. - Fornos Contenidors","breadcrumb":{"@id":"https:\/\/fornoscontenidors.com\/es\/desamiantado\/la-torre-de-espanyol\/#breadcrumb"},"inLanguage":"es","potentialAction":[{"@type":"ReadAction","target":["https:\/\/fornoscontenidors.com\/es\/desamiantado\/la-torre-de-espanyol\/"]}]},{"@type":"BreadcrumbList","@id":"https:\/\/fornoscontenidors.com\/es\/desamiantado\/la-torre-de-espanyol\/#breadcrumb","itemListElement":[{"@type":"ListItem","position":1,"name":"Portada","item":"https:\/\/fornoscontenidors.com\/es\/"},{"@type":"ListItem","position":2,"name":"Desamiantado","item":"https:\/\/fornoscontenidors.com\/es\/desamiantado\/"},{"@type":"ListItem","position":3,"name":"Servicio de desamiantado en La Torre de l&#8217;Espanyol"}]}]}},"_links":{"self":[{"href":"https:\/\/fornoscontenidors.com\/es\/wp-json\/wp\/v2\/pages\/604"}],"collection":[{"href":"https:\/\/fornoscontenidors.com\/es\/wp-json\/wp\/v2\/pages"}],"about":[{"href":"https:\/\/fornoscontenidors.com\/es\/wp-json\/wp\/v2\/types\/page"}],"author":[{"embeddable":true,"href":"https:\/\/fornoscontenidors.com\/es\/wp-json\/wp\/v2\/users\/1"}],"replies":[{"embeddable":true,"href":"https:\/\/fornoscontenidors.com\/es\/wp-json\/wp\/v2\/comments?post=604"}],"version-history":[{"count":2,"href":"https:\/\/fornoscontenidors.com\/es\/wp-json\/wp\/v2\/pages\/604\/revisions"}],"predecessor-version":[{"id":713,"href":"https:\/\/fornoscontenidors.com\/es\/wp-json\/wp\/v2\/pages\/604\/revisions\/713"}],"up":[{"embeddable":true,"href":"https:\/\/fornoscontenidors.com\/es\/wp-json\/wp\/v2\/pages\/395"}],"wp:attachment":[{"href":"https:\/\/fornoscontenidors.com\/es\/wp-json\/wp\/v2\/media?parent=604"}],"curies":[{"name":"wp","href":"https:\/\/api.w.org\/{rel}","templated":true}]}}